{"id":3,"date":"2023-11-08T16:25:17","date_gmt":"2023-11-08T15:25:17","guid":{"rendered":"https:\/\/em.pro-automation.fr\/?page_id=3"},"modified":"2025-04-24T07:40:37","modified_gmt":"2025-04-24T05:40:37","slug":"politique-de-confidentialite","status":"publish","type":"page","link":"https:\/\/pro-automation.fr\/ru\/politique-de-confidentialite\/","title":{"rendered":"\u043f\u043e\u043b\u0438\u0442\u0438\u043a\u0430 \u043a\u043e\u043d\u0444\u0438\u0434\u0435\u043d\u0446\u0438\u0430\u043b\u044c\u043d\u043e\u0441\u0442\u0438"},"content":{"rendered":"\n[et_pb_section fb_built=\u00a0\u00bb1&Prime; admin_label=\u00a0\u00bbsection\u00a0\u00bb _builder_version=\u00a0\u00bb4.16&Prime; min_height=\u00a0\u00bb2869.3px\u00a0\u00bb custom_padding=\u00a0\u00bb||0px|||\u00a0\u00bb global_colors_info=\u00a0\u00bb{}\u00a0\u00bb][et_pb_row admin_label=\u00a0\u00bbrow\u00a0\u00bb _builder_version=\u00a0\u00bb4.16&Prime; background_size=\u00a0\u00bbinitial\u00a0\u00bb background_position=\u00a0\u00bbtop_left\u00a0\u00bb background_repeat=\u00a0\u00bbrepeat\u00a0\u00bb global_colors_info=\u00a0\u00bb{}\u00a0\u00bb][et_pb_column type=\u00a0\u00bb4_4&Prime; _builder_version=\u00a0\u00bb4.16&Prime; custom_padding=\u00a0\u00bb|||\u00a0\u00bb global_colors_info=\u00a0\u00bb{}\u00a0\u00bb custom_padding__hover=\u00a0\u00bb|||\u00a0\u00bb][et_pb_text admin_label=\u00a0\u00bbText\u00a0\u00bb _builder_version=\u00a0\u00bb4.16&Prime; background_size=\u00a0\u00bbinitial\u00a0\u00bb background_position=\u00a0\u00bbtop_left\u00a0\u00bb background_repeat=\u00a0\u00bbrepeat\u00a0\u00bb global_colors_info=\u00a0\u00bb{}\u00a0\u00bb]<!-- divi:image {\"id\":466,\"sizeSlug\":\"full\",\"linkDestination\":\"none\",\"align\":\"wide\"} -->\n<figure class=\"wp-block-image alignwide size-full\"><img width=\"960\" height=\"540\"  alt=\"Politique de confidentialit\u00e9 site web\" class=\"wp-image-466 lws-optimize-lazyload\"\/ data-src=\"https:\/\/pro-automation.fr\/wp-content\/uploads\/2024\/06\/confidentialite.png\" srcset=\"https:\/\/pro-automation.fr\/wp-content\/uploads\/2024\/06\/confidentialite.png 960w, https:\/\/pro-automation.fr\/wp-content\/uploads\/2024\/06\/confidentialite-480x270.png 480w\" sizes=\"(min-width: 0px) and (max-width: 480px) 480px, (min-width: 481px) 960px, 100vw\" \/><\/figure>\n<!-- \/divi:image -->\n\n<!-- divi:heading -->\n<h2 class=\"wp-block-heading\">Qui sommes-nous&nbsp;?<\/h2>\n<!-- \/divi:heading -->\n\n<!-- divi:paragraph -->\n<p>Notre site web, accessible \u00e0 l&rsquo;adresse <a href=\"https:\/\/pro-automation.fr\">https:\/\/pro-automation.fr<\/a>, s&rsquo;engage \u00e0 prot\u00e9ger votre vie priv\u00e9e avec notre politique de confidentialit\u00e9 site web.<\/p>\n<!-- \/divi:paragraph -->\n\n<!-- divi:heading -->\n<h2 class=\"wp-block-heading\">Commentaires<\/h2>\n<!-- \/divi:heading -->\n\n<!-- divi:paragraph -->\n<p>Lorsque vous laissez un commentaire, nous collectons les donn\u00e9es du formulaire, votre adresse IP et l\u2019agent utilisateur pour d\u00e9tecter les commentaires ind\u00e9sirables. Une cha\u00eene anonymis\u00e9e (hash) de votre adresse e-mail peut \u00eatre envoy\u00e9e au service Gravatar. <\/p>\n<!-- \/divi:paragraph -->\n\n<!-- divi:paragraph -->\n<p>Les clauses de confidentialit\u00e9 de Gravatar sont disponibles <a href=\"https:\/\/automattic.com\/privacy\/\" target=\"_blank\" rel=\"noreferrer noopener\">ici<\/a>. Apr\u00e8s validation, votre photo de profil sera visible publiquement \u00e0 c\u00f4t\u00e9 de votre commentaire.<\/p>\n<!-- \/divi:paragraph -->\n\n<!-- divi:heading -->\n<h2 class=\"wp-block-heading\">M\u00e9dias<\/h2>\n<!-- \/divi:heading -->\n\n<!-- divi:paragraph -->\n<p>Si vous t\u00e9l\u00e9versez des images sur notre site, veuillez \u00e9viter d&rsquo;inclure des donn\u00e9es EXIF de coordonn\u00e9es GPS, car les visiteurs du site peuvent les t\u00e9l\u00e9charger et extraire des donn\u00e9es de localisation.<\/p>\n<!-- \/divi:paragraph -->\n\n<!-- divi:heading -->\n<h2 class=\"wp-block-heading\">Cookies<\/h2>\n<!-- \/divi:heading -->\n\n<!-- divi:paragraph -->\n<p>Nous utilisons des cookies pour am\u00e9liorer votre exp\u00e9rience utilisateur :<\/p>\n<!-- \/divi:paragraph -->\n\n<!-- divi:paragraph -->\n<p> <\/p>\n<!-- \/divi:paragraph -->\n\n<!-- divi:paragraph -->\n<p>   &#8211; Commentaires : Enregistrer votre nom, e-mail et site dans des cookies pour plus de confort.<\/p>\n<!-- \/divi:paragraph -->\n\n<!-- divi:paragraph -->\n<p>   &#8211; Connexion : Cookies temporaires pour v\u00e9rifier l&rsquo;acceptation des cookies, et cookies de connexion pour m\u00e9moriser vos      informations de connexion et pr\u00e9f\u00e9rences d&rsquo;\u00e9cran.<\/p>\n<!-- \/divi:paragraph -->\n\n<!-- divi:heading -->\n<h2 class=\"wp-block-heading\">Contenu embarqu\u00e9 depuis d\u2019autres sites web<\/h2>\n<!-- \/divi:heading -->\n\n<!-- divi:paragraph -->\n<p>Les articles de notre site peuvent inclure des contenus int\u00e9gr\u00e9s comme des vid\u00e9os, images, articles, etc. Le contenu int\u00e9gr\u00e9 depuis d&rsquo;autres sites se comporte de la m\u00eame mani\u00e8re que si le visiteur se rendait sur cet autre site. <\/p>\n<!-- \/divi:paragraph -->\n\n<!-- divi:paragraph -->\n<p>Ces sites web pourraient collecter des donn\u00e9es, utiliser des cookies, int\u00e9grer des outils de suivi tiers et suivre vos interactions avec ces contenus embarqu\u00e9s si vous disposez d&rsquo;un compte connect\u00e9 sur leur site web.<\/p>\n<!-- \/divi:paragraph -->\n\n<!-- divi:heading -->\n<h2 class=\"wp-block-heading\">Utilisation et transmission de vos donn\u00e9es personnelles<\/h2>\n<!-- \/divi:heading -->\n\n<!-- divi:paragraph -->\n<p>Si vous demandez une r\u00e9initialisation de votre mot de passe, votre adresse IP sera incluse dans l&rsquo;e-mail de r\u00e9initialisation.<\/p>\n<!-- \/divi:paragraph -->\n\n<!-- divi:heading -->\n<h2 class=\"wp-block-heading\">Dur\u00e9es de stockage de vos donn\u00e9es<\/h2>\n<!-- \/divi:heading -->\n\n<!-- divi:paragraph -->\n<p>Les commentaires et leurs m\u00e9tadonn\u00e9es sont conserv\u00e9s ind\u00e9finiment pour reconna\u00eetre et approuver automatiquement les commentaires suivants. Pour les comptes inscrits, nous stockons les donn\u00e9es personnelles du profil. <\/p>\n<!-- \/divi:paragraph -->\n\n<!-- divi:paragraph -->\n<p>Tous les comptes peuvent voir, modifier ou supprimer leurs informations personnelles \u00e0 tout moment (\u00e0 l&rsquo;exception de leur identifiant). Les administrateurs du site peuvent aussi voir et modifier ces informations.<\/p>\n<!-- \/divi:paragraph -->\n\n<!-- divi:heading -->\n<h2 class=\"wp-block-heading\">Les droits que vous avez sur vos donn\u00e9es<\/h2>\n<!-- \/divi:heading -->\n\n<!-- divi:paragraph -->\n<p>Si vous avez un compte ou avez laiss\u00e9 des commentaires sur le site, vous pouvez demander \u00e0 recevoir un fichier contenant toutes les donn\u00e9es personnelles que nous poss\u00e9dons \u00e0 votre sujet, y compris celles que vous nous avez fournies. Vous pouvez \u00e9galement demander la suppression des donn\u00e9es personnelles vous concernant. Cela ne prend pas en compte les donn\u00e9es stock\u00e9es \u00e0 des fins administratives, l\u00e9gales ou de s\u00e9curit\u00e9.<\/p>\n<!-- \/divi:paragraph -->\n\n<!-- divi:heading -->\n<h2 class=\"wp-block-heading\">O\u00f9 vos donn\u00e9es sont envoy\u00e9es<\/h2>\n<!-- \/divi:heading -->\n\n<!-- divi:paragraph -->\n<p>Les commentaires des visiteurs peuvent \u00eatre v\u00e9rifi\u00e9s \u00e0 l&rsquo;aide d&rsquo;un service automatis\u00e9 de d\u00e9tection des commentaires ind\u00e9sirables.<\/p>\n<!-- \/divi:paragraph -->\n\n<!-- divi:paragraph -->\n<p>Nous prenons tr\u00e8s au s\u00e9rieux la s\u00e9curit\u00e9 et la confidentialit\u00e9 de vos donn\u00e9es. Des mesures robustes sont en place pour prot\u00e9ger vos informations personnelles contre les acc\u00e8s non autoris\u00e9s, la divulgation ou la destruction.<\/p>\n<!-- \/divi:paragraph -->\n\n<!-- divi:paragraph -->\n<p><\/p>\n<!-- \/divi:paragraph -->[\/et_pb_text][\/et_pb_column][\/et_pb_row][\/et_pb_section]\n","protected":false},"excerpt":{"rendered":"<p>Qui sommes-nous&nbsp;? Notre site web, accessible \u00e0 l&rsquo;adresse https:\/\/pro-automation.fr, s&rsquo;engage \u00e0 prot\u00e9ger votre vie priv\u00e9e avec notre politique de confidentialit\u00e9 site web. Commentaires Lorsque vous laissez un commentaire, nous collectons les donn\u00e9es du formulaire, votre adresse IP et l\u2019agent utilisateur pour d\u00e9tecter les commentaires ind\u00e9sirables. Une cha\u00eene anonymis\u00e9e (hash) de votre adresse e-mail peut \u00eatre [&hellip;]<\/p>\n","protected":false},"author":1,"featured_media":0,"parent":0,"menu_order":0,"comment_status":"closed","ping_status":"open","template":"","meta":{"_et_pb_use_builder":"on","_et_pb_old_content":"<!-- wp:image {\"id\":466,\"sizeSlug\":\"full\",\"linkDestination\":\"none\",\"align\":\"wide\"} -->\n<figure class=\"wp-block-image alignwide size-full\"><img src=\"https:\/\/pro-automation.fr\/wp-content\/uploads\/2024\/06\/confidentialite.png\" alt=\"Politique de confidentialit\u00e9 site web\" class=\"wp-image-466\"\/><\/figure>\n<!-- \/wp:image -->\n\n<!-- wp:heading -->\n<h2 class=\"wp-block-heading\">Qui sommes-nous&nbsp;?<\/h2>\n<!-- \/wp:heading -->\n\n<!-- wp:paragraph -->\n<p>Notre site web, accessible \u00e0 l'adresse <a href=\"https:\/\/pro-automation.fr\">https:\/\/pro-automation.fr<\/a>, s'engage \u00e0 prot\u00e9ger votre vie priv\u00e9e avec notre politique de confidentialit\u00e9 site web.<\/p>\n<!-- \/wp:paragraph -->\n\n<!-- wp:heading -->\n<h2 class=\"wp-block-heading\">Commentaires<\/h2>\n<!-- \/wp:heading -->\n\n<!-- wp:paragraph -->\n<p>Lorsque vous laissez un commentaire, nous collectons les donn\u00e9es du formulaire, votre adresse IP et l\u2019agent utilisateur pour d\u00e9tecter les commentaires ind\u00e9sirables. Une cha\u00eene anonymis\u00e9e (hash) de votre adresse e-mail peut \u00eatre envoy\u00e9e au service Gravatar. <\/p>\n<!-- \/wp:paragraph -->\n\n<!-- wp:paragraph -->\n<p>Les clauses de confidentialit\u00e9 de Gravatar sont disponibles <a href=\"https:\/\/automattic.com\/privacy\/\" target=\"_blank\" rel=\"noreferrer noopener\">ici<\/a>. Apr\u00e8s validation, votre photo de profil sera visible publiquement \u00e0 c\u00f4t\u00e9 de votre commentaire.<\/p>\n<!-- \/wp:paragraph -->\n\n<!-- wp:heading -->\n<h2 class=\"wp-block-heading\">M\u00e9dias<\/h2>\n<!-- \/wp:heading -->\n\n<!-- wp:paragraph -->\n<p>Si vous t\u00e9l\u00e9versez des images sur notre site, veuillez \u00e9viter d'inclure des donn\u00e9es EXIF de coordonn\u00e9es GPS, car les visiteurs du site peuvent les t\u00e9l\u00e9charger et extraire des donn\u00e9es de localisation.<\/p>\n<!-- \/wp:paragraph -->\n\n<!-- wp:heading -->\n<h2 class=\"wp-block-heading\">Cookies<\/h2>\n<!-- \/wp:heading -->\n\n<!-- wp:paragraph -->\n<p>Nous utilisons des cookies pour am\u00e9liorer votre exp\u00e9rience utilisateur :<\/p>\n<!-- \/wp:paragraph -->\n\n<!-- wp:paragraph -->\n<p> <\/p>\n<!-- \/wp:paragraph -->\n\n<!-- wp:paragraph -->\n<p>   - Commentaires : Enregistrer votre nom, e-mail et site dans des cookies pour plus de confort.<\/p>\n<!-- \/wp:paragraph -->\n\n<!-- wp:paragraph -->\n<p>   - Connexion : Cookies temporaires pour v\u00e9rifier l'acceptation des cookies, et cookies de connexion pour m\u00e9moriser vos      informations de connexion et pr\u00e9f\u00e9rences d'\u00e9cran.<\/p>\n<!-- \/wp:paragraph -->\n\n<!-- wp:heading -->\n<h2 class=\"wp-block-heading\">Contenu embarqu\u00e9 depuis d\u2019autres sites web<\/h2>\n<!-- \/wp:heading -->\n\n<!-- wp:paragraph -->\n<p>Les articles de notre site peuvent inclure des contenus int\u00e9gr\u00e9s comme des vid\u00e9os, images, articles, etc. Le contenu int\u00e9gr\u00e9 depuis d'autres sites se comporte de la m\u00eame mani\u00e8re que si le visiteur se rendait sur cet autre site. <\/p>\n<!-- \/wp:paragraph -->\n\n<!-- wp:paragraph -->\n<p>Ces sites web pourraient collecter des donn\u00e9es, utiliser des cookies, int\u00e9grer des outils de suivi tiers et suivre vos interactions avec ces contenus embarqu\u00e9s si vous disposez d'un compte connect\u00e9 sur leur site web.<\/p>\n<!-- \/wp:paragraph -->\n\n<!-- wp:heading -->\n<h2 class=\"wp-block-heading\">Utilisation et transmission de vos donn\u00e9es personnelles<\/h2>\n<!-- \/wp:heading -->\n\n<!-- wp:paragraph -->\n<p>Si vous demandez une r\u00e9initialisation de votre mot de passe, votre adresse IP sera incluse dans l'e-mail de r\u00e9initialisation.<\/p>\n<!-- \/wp:paragraph -->\n\n<!-- wp:heading -->\n<h2 class=\"wp-block-heading\">Dur\u00e9es de stockage de vos donn\u00e9es<\/h2>\n<!-- \/wp:heading -->\n\n<!-- wp:paragraph -->\n<p>Les commentaires et leurs m\u00e9tadonn\u00e9es sont conserv\u00e9s ind\u00e9finiment pour reconna\u00eetre et approuver automatiquement les commentaires suivants. Pour les comptes inscrits, nous stockons les donn\u00e9es personnelles du profil. <\/p>\n<!-- \/wp:paragraph -->\n\n<!-- wp:paragraph -->\n<p>Tous les comptes peuvent voir, modifier ou supprimer leurs informations personnelles \u00e0 tout moment (\u00e0 l'exception de leur identifiant). Les administrateurs du site peuvent aussi voir et modifier ces informations.<\/p>\n<!-- \/wp:paragraph -->\n\n<!-- wp:heading -->\n<h2 class=\"wp-block-heading\">Les droits que vous avez sur vos donn\u00e9es<\/h2>\n<!-- \/wp:heading -->\n\n<!-- wp:paragraph -->\n<p>Si vous avez un compte ou avez laiss\u00e9 des commentaires sur le site, vous pouvez demander \u00e0 recevoir un fichier contenant toutes les donn\u00e9es personnelles que nous poss\u00e9dons \u00e0 votre sujet, y compris celles que vous nous avez fournies. Vous pouvez \u00e9galement demander la suppression des donn\u00e9es personnelles vous concernant. Cela ne prend pas en compte les donn\u00e9es stock\u00e9es \u00e0 des fins administratives, l\u00e9gales ou de s\u00e9curit\u00e9.<\/p>\n<!-- \/wp:paragraph -->\n\n<!-- wp:heading -->\n<h2 class=\"wp-block-heading\">O\u00f9 vos donn\u00e9es sont envoy\u00e9es<\/h2>\n<!-- \/wp:heading -->\n\n<!-- wp:paragraph -->\n<p>Les commentaires des visiteurs peuvent \u00eatre v\u00e9rifi\u00e9s \u00e0 l'aide d'un service automatis\u00e9 de d\u00e9tection des commentaires ind\u00e9sirables.<\/p>\n<!-- \/wp:paragraph -->\n\n<!-- wp:paragraph -->\n<p>Nous prenons tr\u00e8s au s\u00e9rieux la s\u00e9curit\u00e9 et la confidentialit\u00e9 de vos donn\u00e9es. Des mesures robustes sont en place pour prot\u00e9ger vos informations personnelles contre les acc\u00e8s non autoris\u00e9s, la divulgation ou la destruction.<\/p>\n<!-- \/wp:paragraph -->\n\n<!-- wp:paragraph -->\n<p><\/p>\n<!-- \/wp:paragraph -->","_et_gb_content_width":"","footnotes":""},"class_list":["post-3","page","type-page","status-publish","hentry"],"yoast_head":"<!-- This site is optimized with the Yoast SEO plugin v27.3 - https:\/\/yoast.com\/product\/yoast-seo-wordpress\/ -->\n<title>Politique de Confidentialit\u00e9 Site Web - EM Pro-Automation<\/title>\n<meta name=\"description\" content=\"D\u00e9couvrez notre politique de confidentialit\u00e9 site web. Nous expliquons comment nous collectons, utilisons et prot\u00e9geons vos donn\u00e9es personnelles\" \/>\n<meta name=\"robots\" content=\"index, follow, max-snippet:-1, max-image-preview:large, max-video-preview:-1\" \/>\n<link rel=\"canonical\" href=\"https:\/\/pro-automation.fr\/ru\/politique-de-confidentialite\/\" \/>\n<meta property=\"og:locale\" content=\"ru_RU\" \/>\n<meta property=\"og:type\" content=\"article\" \/>\n<meta property=\"og:title\" content=\"Politique de Confidentialit\u00e9 Site Web - EM Pro-Automation\" \/>\n<meta property=\"og:description\" content=\"D\u00e9couvrez notre politique de confidentialit\u00e9 site web. Nous expliquons comment nous collectons, utilisons et prot\u00e9geons vos donn\u00e9es personnelles\" \/>\n<meta property=\"og:url\" content=\"https:\/\/pro-automation.fr\/ru\/politique-de-confidentialite\/\" \/>\n<meta property=\"og:site_name\" content=\"pro-automation.fr\" \/>\n<meta property=\"article:modified_time\" content=\"2025-04-24T05:40:37+00:00\" \/>\n<meta property=\"og:image\" content=\"https:\/\/pro-automation.fr\/wp-content\/uploads\/2024\/06\/confidentialite.png\" \/>\n<meta name=\"twitter:card\" content=\"summary_large_image\" \/>\n<meta name=\"twitter:label1\" content=\"Est. reading time\" \/>\n\t<meta name=\"twitter:data1\" content=\"3 minutes\" \/>\n<script type=\"application\/ld+json\" class=\"yoast-schema-graph\">{\"@context\":\"https:\\\/\\\/schema.org\",\"@graph\":[{\"@type\":\"WebPage\",\"@id\":\"https:\\\/\\\/pro-automation.fr\\\/politique-de-confidentialite\\\/\",\"url\":\"https:\\\/\\\/pro-automation.fr\\\/politique-de-confidentialite\\\/\",\"name\":\"Politique de Confidentialit\u00e9 Site Web - EM Pro-Automation\",\"isPartOf\":{\"@id\":\"https:\\\/\\\/pro-automation.fr\\\/#website\"},\"primaryImageOfPage\":{\"@id\":\"https:\\\/\\\/pro-automation.fr\\\/politique-de-confidentialite\\\/#primaryimage\"},\"image\":{\"@id\":\"https:\\\/\\\/pro-automation.fr\\\/politique-de-confidentialite\\\/#primaryimage\"},\"thumbnailUrl\":\"https:\\\/\\\/pro-automation.fr\\\/wp-content\\\/uploads\\\/2024\\\/06\\\/confidentialite.png\",\"datePublished\":\"2023-11-08T15:25:17+00:00\",\"dateModified\":\"2025-04-24T05:40:37+00:00\",\"description\":\"D\u00e9couvrez notre politique de confidentialit\u00e9 site web. Nous expliquons comment nous collectons, utilisons et prot\u00e9geons vos donn\u00e9es personnelles\",\"breadcrumb\":{\"@id\":\"https:\\\/\\\/pro-automation.fr\\\/politique-de-confidentialite\\\/#breadcrumb\"},\"inLanguage\":\"ru-RU\",\"potentialAction\":[{\"@type\":\"ReadAction\",\"target\":[\"https:\\\/\\\/pro-automation.fr\\\/politique-de-confidentialite\\\/\"]}]},{\"@type\":\"ImageObject\",\"inLanguage\":\"ru-RU\",\"@id\":\"https:\\\/\\\/pro-automation.fr\\\/politique-de-confidentialite\\\/#primaryimage\",\"url\":\"https:\\\/\\\/pro-automation.fr\\\/wp-content\\\/uploads\\\/2024\\\/06\\\/confidentialite.png\",\"contentUrl\":\"https:\\\/\\\/pro-automation.fr\\\/wp-content\\\/uploads\\\/2024\\\/06\\\/confidentialite.png\"},{\"@type\":\"BreadcrumbList\",\"@id\":\"https:\\\/\\\/pro-automation.fr\\\/politique-de-confidentialite\\\/#breadcrumb\",\"itemListElement\":[{\"@type\":\"ListItem\",\"position\":1,\"name\":\"Home\",\"item\":\"https:\\\/\\\/pro-automation.fr\\\/\"},{\"@type\":\"ListItem\",\"position\":2,\"name\":\"Politique de confidentialit\u00e9\"}]},{\"@type\":\"WebSite\",\"@id\":\"https:\\\/\\\/pro-automation.fr\\\/#website\",\"url\":\"https:\\\/\\\/pro-automation.fr\\\/\",\"name\":\"pro-automation.fr\",\"description\":\"Services Professionnels Digitaux\",\"publisher\":{\"@id\":\"https:\\\/\\\/pro-automation.fr\\\/#\\\/schema\\\/person\\\/606784704bc97aa3315208141b8ffce5\"},\"potentialAction\":[{\"@type\":\"SearchAction\",\"target\":{\"@type\":\"EntryPoint\",\"urlTemplate\":\"https:\\\/\\\/pro-automation.fr\\\/?s={search_term_string}\"},\"query-input\":{\"@type\":\"PropertyValueSpecification\",\"valueRequired\":true,\"valueName\":\"search_term_string\"}}],\"inLanguage\":\"ru-RU\"},{\"@type\":[\"Person\",\"Organization\"],\"@id\":\"https:\\\/\\\/pro-automation.fr\\\/#\\\/schema\\\/person\\\/606784704bc97aa3315208141b8ffce5\",\"name\":\"admin\",\"image\":{\"@type\":\"ImageObject\",\"inLanguage\":\"ru-RU\",\"@id\":\"https:\\\/\\\/pro-automation.fr\\\/wp-content\\\/uploads\\\/2024\\\/08\\\/website_chatbot.png\",\"url\":\"https:\\\/\\\/pro-automation.fr\\\/wp-content\\\/uploads\\\/2024\\\/08\\\/website_chatbot.png\",\"contentUrl\":\"https:\\\/\\\/pro-automation.fr\\\/wp-content\\\/uploads\\\/2024\\\/08\\\/website_chatbot.png\",\"width\":1200,\"height\":630,\"caption\":\"admin\"},\"logo\":{\"@id\":\"https:\\\/\\\/pro-automation.fr\\\/wp-content\\\/uploads\\\/2024\\\/08\\\/website_chatbot.png\"}}]}<\/script>\n<!-- \/ Yoast SEO plugin. -->","yoast_head_json":{"title":"Politique de Confidentialit\u00e9 Site Web - EM Pro-Automation","description":"D\u00e9couvrez notre politique de confidentialit\u00e9 site web. Nous expliquons comment nous collectons, utilisons et prot\u00e9geons vos donn\u00e9es personnelles","robots":{"index":"index","follow":"follow","max-snippet":"max-snippet:-1","max-image-preview":"max-image-preview:large","max-video-preview":"max-video-preview:-1"},"canonical":"https:\/\/pro-automation.fr\/ru\/politique-de-confidentialite\/","og_locale":"ru_RU","og_type":"article","og_title":"Politique de Confidentialit\u00e9 Site Web - EM Pro-Automation","og_description":"D\u00e9couvrez notre politique de confidentialit\u00e9 site web. Nous expliquons comment nous collectons, utilisons et prot\u00e9geons vos donn\u00e9es personnelles","og_url":"https:\/\/pro-automation.fr\/ru\/politique-de-confidentialite\/","og_site_name":"pro-automation.fr","article_modified_time":"2025-04-24T05:40:37+00:00","og_image":[{"url":"https:\/\/pro-automation.fr\/wp-content\/uploads\/2024\/06\/confidentialite.png","type":"","width":"","height":""}],"twitter_card":"summary_large_image","twitter_misc":{"Est. reading time":"3 minutes"},"schema":{"@context":"https:\/\/schema.org","@graph":[{"@type":"WebPage","@id":"https:\/\/pro-automation.fr\/politique-de-confidentialite\/","url":"https:\/\/pro-automation.fr\/politique-de-confidentialite\/","name":"Politique de Confidentialit\u00e9 Site Web - EM Pro-Automation","isPartOf":{"@id":"https:\/\/pro-automation.fr\/#website"},"primaryImageOfPage":{"@id":"https:\/\/pro-automation.fr\/politique-de-confidentialite\/#primaryimage"},"image":{"@id":"https:\/\/pro-automation.fr\/politique-de-confidentialite\/#primaryimage"},"thumbnailUrl":"https:\/\/pro-automation.fr\/wp-content\/uploads\/2024\/06\/confidentialite.png","datePublished":"2023-11-08T15:25:17+00:00","dateModified":"2025-04-24T05:40:37+00:00","description":"D\u00e9couvrez notre politique de confidentialit\u00e9 site web. Nous expliquons comment nous collectons, utilisons et prot\u00e9geons vos donn\u00e9es personnelles","breadcrumb":{"@id":"https:\/\/pro-automation.fr\/politique-de-confidentialite\/#breadcrumb"},"inLanguage":"ru-RU","potentialAction":[{"@type":"ReadAction","target":["https:\/\/pro-automation.fr\/politique-de-confidentialite\/"]}]},{"@type":"ImageObject","inLanguage":"ru-RU","@id":"https:\/\/pro-automation.fr\/politique-de-confidentialite\/#primaryimage","url":"https:\/\/pro-automation.fr\/wp-content\/uploads\/2024\/06\/confidentialite.png","contentUrl":"https:\/\/pro-automation.fr\/wp-content\/uploads\/2024\/06\/confidentialite.png"},{"@type":"BreadcrumbList","@id":"https:\/\/pro-automation.fr\/politique-de-confidentialite\/#breadcrumb","itemListElement":[{"@type":"ListItem","position":1,"name":"Home","item":"https:\/\/pro-automation.fr\/"},{"@type":"ListItem","position":2,"name":"Politique de confidentialit\u00e9"}]},{"@type":"WebSite","@id":"https:\/\/pro-automation.fr\/#website","url":"https:\/\/pro-automation.fr\/","name":"pro-automation.fr","description":"\u0426\u0438\u0444\u0440\u043e\u0432\u044b\u0435 \u043f\u0440\u043e\u0444\u0435\u0441\u0441\u0438\u043e\u043d\u0430\u043b\u044c\u043d\u044b\u0435 \u0443\u0441\u043b\u0443\u0433\u0438","publisher":{"@id":"https:\/\/pro-automation.fr\/#\/schema\/person\/606784704bc97aa3315208141b8ffce5"},"potentialAction":[{"@type":"SearchAction","target":{"@type":"EntryPoint","urlTemplate":"https:\/\/pro-automation.fr\/?s={search_term_string}"},"query-input":{"@type":"PropertyValueSpecification","valueRequired":true,"valueName":"search_term_string"}}],"inLanguage":"ru-RU"},{"@type":["Person","Organization"],"@id":"https:\/\/pro-automation.fr\/#\/schema\/person\/606784704bc97aa3315208141b8ffce5","name":"\u0430\u0434\u043c\u0438\u043d\u0438\u0441\u0442\u0440\u0430\u0442\u043e\u0440","image":{"@type":"ImageObject","inLanguage":"ru-RU","@id":"https:\/\/pro-automation.fr\/wp-content\/uploads\/2024\/08\/website_chatbot.png","url":"https:\/\/pro-automation.fr\/wp-content\/uploads\/2024\/08\/website_chatbot.png","contentUrl":"https:\/\/pro-automation.fr\/wp-content\/uploads\/2024\/08\/website_chatbot.png","width":1200,"height":630,"caption":"admin"},"logo":{"@id":"https:\/\/pro-automation.fr\/wp-content\/uploads\/2024\/08\/website_chatbot.png"}}]}},"rttpg_featured_image_url":null,"rttpg_author":{"display_name":"admin","author_link":"https:\/\/pro-automation.fr\/ru\/author\/admin\/"},"rttpg_comment":0,"rttpg_category":null,"rttpg_excerpt":"Qui sommes-nous&nbsp;? Notre site web, accessible \u00e0 l'adresse https:\/\/pro-automation.fr, s'engage \u00e0 prot\u00e9ger votre vie priv\u00e9e avec notre politique de confidentialit\u00e9 site web. Commentaires Lorsque vous laissez un commentaire, nous collectons les donn\u00e9es du formulaire, votre adresse IP et l\u2019agent utilisateur pour d\u00e9tecter les commentaires ind\u00e9sirables. Une cha\u00eene anonymis\u00e9e (hash) de votre adresse e-mail peut \u00eatre&hellip;","_links":{"self":[{"href":"https:\/\/pro-automation.fr\/ru\/wp-json\/wp\/v2\/pages\/3","targetHints":{"allow":["GET"]}}],"collection":[{"href":"https:\/\/pro-automation.fr\/ru\/wp-json\/wp\/v2\/pages"}],"about":[{"href":"https:\/\/pro-automation.fr\/ru\/wp-json\/wp\/v2\/types\/page"}],"author":[{"embeddable":true,"href":"https:\/\/pro-automation.fr\/ru\/wp-json\/wp\/v2\/users\/1"}],"replies":[{"embeddable":true,"href":"https:\/\/pro-automation.fr\/ru\/wp-json\/wp\/v2\/comments?post=3"}],"version-history":[{"count":15,"href":"https:\/\/pro-automation.fr\/ru\/wp-json\/wp\/v2\/pages\/3\/revisions"}],"predecessor-version":[{"id":1281,"href":"https:\/\/pro-automation.fr\/ru\/wp-json\/wp\/v2\/pages\/3\/revisions\/1281"}],"wp:attachment":[{"href":"https:\/\/pro-automation.fr\/ru\/wp-json\/wp\/v2\/media?parent=3"}],"curies":[{"name":"WP","href":"https:\/\/api.w.org\/{rel}","templated":true}]}}