{"id":519,"date":"2024-07-02T21:48:42","date_gmt":"2024-07-02T19:48:42","guid":{"rendered":"https:\/\/em.pro-automation.fr\/?page_id=519"},"modified":"2025-04-23T21:33:40","modified_gmt":"2025-04-23T19:33:40","slug":"nos-tarifs","status":"publish","type":"page","link":"https:\/\/pro-automation.fr\/ru\/nos-tarifs\/","title":{"rendered":"\u041d\u0430\u0448\u0438 \u0446\u0435\u043d\u044b"},"content":{"rendered":"\n[et_pb_section fb_built=\u00a0\u00bb1&Prime; _builder_version=\u00a0\u00bb4.25.2&Prime; _module_preset=\u00a0\u00bbdefault\u00a0\u00bb global_colors_info=\u00a0\u00bb{}\u00a0\u00bb][et_pb_row _builder_version=\u00a0\u00bb4.23.1&Prime; _module_preset=\u00a0\u00bbdefault\u00a0\u00bb width=\u00a0\u00bb100%\u00a0\u00bb max_width=\u00a0\u00bb2000px\u00a0\u00bb global_colors_info=\u00a0\u00bb{}\u00a0\u00bb][et_pb_column type=\u00a0\u00bb4_4&Prime; _builder_version=\u00a0\u00bb4.22.1&Prime; _module_preset=\u00a0\u00bbdefault\u00a0\u00bb global_colors_info=\u00a0\u00bb{}\u00a0\u00bb][et_pb_image src=\u00a0\u00bbhttps:\/\/pro-automation.fr\/wp-content\/uploads\/2024\/07\/des_prix.png\u00a0\u00bb alt=\u00a0\u00bbDes prix\u00a0\u00bb title_text=\u00a0\u00bbaugmented-reality-illustration-06@2x\u00a0\u00bb force_fullwidth=\u00a0\u00bbon\u00a0\u00bb _builder_version=\u00a0\u00bb4.25.2&Prime; _module_preset=\u00a0\u00bbdefault\u00a0\u00bb scroll_vertical_motion_enable=\u00a0\u00bbon\u00a0\u00bb scroll_vertical_motion=\u00a0\u00bb0|50|50|100|1|0|-1&Prime; global_colors_info=\u00a0\u00bb{}\u00a0\u00bb][\/et_pb_image][et_pb_code _builder_version=\u00a0\u00bb4.27.0&Prime; _module_preset=\u00a0\u00bbdefault\u00a0\u00bb global_colors_info=\u00a0\u00bb{}\u00a0\u00bb]<span><span><a href=\"https:\/\/pro-automation.fr\/\">Home<\/a><\/span><\/span>[\/et_pb_code][et_pb_text _builder_version=\u00a0\u00bb4.25.2&Prime; _module_preset=\u00a0\u00bb3f934e2b-d4f4-44d7-ae0e-82466ab1c97a\u00a0\u00bb header_text_color=\u00a0\u00bb#FFFFFF\u00a0\u00bb text_orientation=\u00a0\u00bbcenter\u00a0\u00bb global_colors_info=\u00a0\u00bb{}\u00a0\u00bb]<h1>Des prix<\/h1>[\/et_pb_text][\/et_pb_column][\/et_pb_row][et_pb_row _builder_version=\u00a0\u00bb4.25.2&Prime; _module_preset=\u00a0\u00bbdefault\u00a0\u00bb custom_padding=\u00a0\u00bb0px|||||\u00a0\u00bb global_colors_info=\u00a0\u00bb{}\u00a0\u00bb][et_pb_column type=\u00a0\u00bb4_4&Prime; _builder_version=\u00a0\u00bb4.25.2&Prime; _module_preset=\u00a0\u00bbdefault\u00a0\u00bb global_colors_info=\u00a0\u00bb{}\u00a0\u00bb][et_pb_text _builder_version=\u00a0\u00bb4.27.0&Prime; _module_preset=\u00a0\u00bbdefault\u00a0\u00bb hover_enabled=\u00a0\u00bb0&Prime; custom_css_free_form=\u00a0\u00bbtable {||    width: 100%;||    border-collapse: collapse;||}||table h4{||    color: #fff;||    margin: 0;||}||td {||    border: 1px solid #ddd;||    padding: 8px;||}||tr:nth-child(even) {||    background-color: #242120;||}||\u00a0\u00bb global_colors_info=\u00a0\u00bb{}\u00a0\u00bb sticky_enabled=\u00a0\u00bb0&Prime;]<table style=\"height: 426px;\">\n<tbody>\n<tr style=\"height: 66px;\">\n<td style=\"text-align: center; height: 66px; width: 958.681px;\">\n<h4><b><span>Service<\/span><\/b><\/h4>\n<\/td>\n<td style=\"text-align: center; height: 66px; width: 211.458px;\">\n<h4><b><span>Co\u00fbt, en euros*<\/span><\/b><\/h4>\n<\/td>\n<\/tr>\n<tr style=\"height: 24px;\">\n<td style=\"text-align: center; height: 24px; width: 958.681px;\"><span>Page d\u2019atterrissage optimis\u00e9e pour convertir les visiteurs en leads ou clients.<\/span><\/td>\n<td style=\"text-align: center; height: 24px; width: 211.458px;\"><span>\u00e0 partir de 100<\/span><\/td>\n<\/tr>\n<tr style=\"height: 24px;\">\n<td style=\"text-align: center; height: 24px; width: 958.681px;\">Portfolio, site web personnel ou professionnel, site web d&rsquo;une organisation ou d&rsquo;une entreprise<\/td>\n<td style=\"text-align: center; height: 24px; width: 211.458px;\"><span>\u00e0 partir de 200<\/span><\/td>\n<\/tr>\n<tr style=\"height: 24px;\">\n<td style=\"text-align: center; height: 24px; width: 958.681px;\">Site web de commerce \u00e9lectronique, catalogue de produits, site web d&rsquo;agence immobili\u00e8re, syst\u00e8me de r\u00e9servation, centre \u00e9ducatif, etc.<\/td>\n<td style=\"text-align: center; height: 24px; width: 211.458px;\"><span>\u00e0 partir de 500<\/span><\/td>\n<\/tr>\n<tr style=\"height: 24px;\">\n<td style=\"text-align: center; height: 24px; width: 958.681px;\">Option de traduction<\/td>\n<td style=\"text-align: center; height: 24px; width: 211.458px;\">\u00e0 partir de 50 pour la langue<\/td>\n<\/tr>\n<tr style=\"height: 24px;\">\n<td style=\"text-align: center; height: 24px; width: 958.681px;\">Consultations<\/td>\n<td style=\"text-align: center; height: 24px; width: 211.458px;\">gratuites<\/td>\n<\/tr>\n<tr style=\"height: 24px;\">\n<td style=\"text-align: center; height: 24px; width: 958.681px;\">Int\u00e9gration des syst\u00e8mes de paiement<\/td>\n<td style=\"text-align: center; height: 24px; width: 211.458px;\"><span>\u00e0 partir de 100<\/span><\/td>\n<\/tr>\n<tr style=\"height: 24px;\">\n<td style=\"text-align: center; height: 24px; width: 958.681px;\">Autres travaux suppl\u00e9mentaires \u00e0 la demande du client, taux horaire<\/td>\n<td style=\"text-align: center; height: 24px; width: 211.458px;\"><span>30 par heure<\/span><\/td>\n<\/tr>\n<tr style=\"height: 24px;\">\n<td style=\"text-align: center; height: 24px; width: 958.681px;\">Maintenance du site web, sauvegardes r\u00e9guli\u00e8res, mises \u00e0 jour des composants, assistance technique \u00e0 l&rsquo;h\u00e9bergement, pay\u00e9e pour 1 mois<\/td>\n<td style=\"text-align: center; height: 24px; width: 211.458px;\">50<\/td>\n<\/tr>\n<tr style=\"height: 24px;\">\n<td style=\"text-align: center; height: 24px; width: 958.681px;\">De m\u00eame, en effectuant un paiement anticip\u00e9 d&rsquo;au moins 6 mois \u00e0 l&rsquo;avance<\/td>\n<td style=\"text-align: center; height: 24px; width: 211.458px;\"><span>200<\/span><\/td>\n<\/tr>\n<tr style=\"height: 24px;\">\n<td style=\"height: 24px; width: 958.681px; text-align: center;\">De m\u00eame, en effectuant un paiement anticip\u00e9 pour un minimum d&rsquo;un an<\/td>\n<td style=\"height: 24px; width: 211.458px; text-align: center;\">300<\/td>\n<\/tr>\n<tr style=\"height: 24px;\">\n<td style=\"text-align: center; height: 24px; width: 958.681px;\">Chatbot interactif<\/td>\n<td style=\"text-align: center; height: 24px; width: 211.458px;\">\u00e0 partir de 200<\/td>\n<\/tr>\n<tr style=\"height: 24px;\">\n<td style=\"text-align: center; height: 24px; width: 958.681px;\">Chatbot multilingue avanc\u00e9 utilisant OpenAI<\/td>\n<td style=\"text-align: center; height: 24px; width: 211.458px;\">\u00e0 partir de 500<\/td>\n<\/tr>\n<tr style=\"height: 24px;\">\n<td style=\"text-align: center; height: 24px; width: 958.681px;\">Design Logo<\/td>\n<td style=\"text-align: center; height: 24px; width: 211.458px;\">\u00e0 partir de 50<\/td>\n<\/tr>\n<tr style=\"height: 24px;\">\n<td style=\"text-align: center; height: 24px; width: 958.681px;\">Design ic\u00f4nes, images, collages<\/td>\n<td style=\"text-align: center; height: 24px; width: 211.458px;\"><span>\u00e0 partir de 30<\/span><\/td>\n<\/tr>\n<tr style=\"height: 24px;\">\n<td style=\"text-align: center; height: 24px; width: 958.681px;\">Fiche produit<\/td>\n<td style=\"text-align: center; height: 24px; width: 211.458px;\"><span>\u00e0 partir de 50<\/span><\/td>\n<\/tr>\n<\/tbody>\n<\/table>[\/et_pb_text][\/et_pb_column][\/et_pb_row][\/et_pb_section]\n","protected":false},"excerpt":{"rendered":"<p><span><span><a href=\"https:\/\/pro-automation.fr\/\">Home<\/a><\/span><\/span>Des prix Service Co\u00fbt, en euros* Page d\u2019atterrissage optimis\u00e9e pour convertir les visiteurs en leads ou clients. \u00e0 partir de 100 Portfolio, site web personnel ou professionnel, site web d&rsquo;une organisation ou d&rsquo;une entreprise \u00e0 partir de 200 Site web de commerce \u00e9lectronique, catalogue de produits, site web d&rsquo;agence immobili\u00e8re, syst\u00e8me de r\u00e9servation, centre \u00e9ducatif, [&hellip;]<\/p>\n","protected":false},"author":1,"featured_media":0,"parent":0,"menu_order":0,"comment_status":"closed","ping_status":"closed","template":"","meta":{"_et_pb_use_builder":"on","_et_pb_old_content":"","_et_gb_content_width":"","footnotes":""},"class_list":["post-519","page","type-page","status-publish","hentry"],"yoast_head":"<!-- This site is optimized with the Yoast SEO plugin v27.3 - https:\/\/yoast.com\/product\/yoast-seo-wordpress\/ -->\n<title>Nos tarifs - pro-automation.fr<\/title>\n<meta name=\"description\" content=\"D\u00e9couvrez nos tarifs comp\u00e9titifs pour sites web, e-commerce, chatbots, design logo. Services sur mesure pour chaque projet\" \/>\n<meta name=\"robots\" content=\"index, follow, max-snippet:-1, max-image-preview:large, max-video-preview:-1\" \/>\n<link rel=\"canonical\" href=\"https:\/\/pro-automation.fr\/ru\/nos-tarifs\/\" \/>\n<meta property=\"og:locale\" content=\"ru_RU\" \/>\n<meta property=\"og:type\" content=\"article\" \/>\n<meta property=\"og:title\" content=\"Nos tarifs - pro-automation.fr\" \/>\n<meta property=\"og:description\" content=\"D\u00e9couvrez nos tarifs comp\u00e9titifs pour sites web, e-commerce, chatbots, design logo. Services sur mesure pour chaque projet\" \/>\n<meta property=\"og:url\" content=\"https:\/\/pro-automation.fr\/ru\/nos-tarifs\/\" \/>\n<meta property=\"og:site_name\" content=\"pro-automation.fr\" \/>\n<meta property=\"article:modified_time\" content=\"2025-04-23T19:33:40+00:00\" \/>\n<meta property=\"og:image\" content=\"https:\/\/pro-automation.fr\/wp-content\/uploads\/2024\/09\/pub.gif\" \/>\n\t<meta property=\"og:image:width\" content=\"1280\" \/>\n\t<meta property=\"og:image:height\" content=\"720\" \/>\n\t<meta property=\"og:image:type\" content=\"image\/gif\" \/>\n<meta name=\"twitter:card\" content=\"summary_large_image\" \/>\n<meta name=\"twitter:label1\" content=\"Est. reading time\" \/>\n\t<meta name=\"twitter:data1\" content=\"2 minutes\" \/>\n<script type=\"application\/ld+json\" class=\"yoast-schema-graph\">{\"@context\":\"https:\\\/\\\/schema.org\",\"@graph\":[{\"@type\":\"WebPage\",\"@id\":\"https:\\\/\\\/pro-automation.fr\\\/nos-tarifs\\\/\",\"url\":\"https:\\\/\\\/pro-automation.fr\\\/nos-tarifs\\\/\",\"name\":\"Nos tarifs - pro-automation.fr\",\"isPartOf\":{\"@id\":\"https:\\\/\\\/pro-automation.fr\\\/#website\"},\"datePublished\":\"2024-07-02T19:48:42+00:00\",\"dateModified\":\"2025-04-23T19:33:40+00:00\",\"description\":\"D\u00e9couvrez nos tarifs comp\u00e9titifs pour sites web, e-commerce, chatbots, design logo. Services sur mesure pour chaque projet\",\"breadcrumb\":{\"@id\":\"https:\\\/\\\/pro-automation.fr\\\/nos-tarifs\\\/#breadcrumb\"},\"inLanguage\":\"ru-RU\",\"potentialAction\":[{\"@type\":\"ReadAction\",\"target\":[\"https:\\\/\\\/pro-automation.fr\\\/nos-tarifs\\\/\"]}]},{\"@type\":\"BreadcrumbList\",\"@id\":\"https:\\\/\\\/pro-automation.fr\\\/nos-tarifs\\\/#breadcrumb\",\"itemListElement\":[{\"@type\":\"ListItem\",\"position\":1,\"name\":\"Home\",\"item\":\"https:\\\/\\\/pro-automation.fr\\\/\"},{\"@type\":\"ListItem\",\"position\":2,\"name\":\"Nos tarifs\"}]},{\"@type\":\"WebSite\",\"@id\":\"https:\\\/\\\/pro-automation.fr\\\/#website\",\"url\":\"https:\\\/\\\/pro-automation.fr\\\/\",\"name\":\"pro-automation.fr\",\"description\":\"Services Professionnels Digitaux\",\"publisher\":{\"@id\":\"https:\\\/\\\/pro-automation.fr\\\/#\\\/schema\\\/person\\\/606784704bc97aa3315208141b8ffce5\"},\"potentialAction\":[{\"@type\":\"SearchAction\",\"target\":{\"@type\":\"EntryPoint\",\"urlTemplate\":\"https:\\\/\\\/pro-automation.fr\\\/?s={search_term_string}\"},\"query-input\":{\"@type\":\"PropertyValueSpecification\",\"valueRequired\":true,\"valueName\":\"search_term_string\"}}],\"inLanguage\":\"ru-RU\"},{\"@type\":[\"Person\",\"Organization\"],\"@id\":\"https:\\\/\\\/pro-automation.fr\\\/#\\\/schema\\\/person\\\/606784704bc97aa3315208141b8ffce5\",\"name\":\"admin\",\"image\":{\"@type\":\"ImageObject\",\"inLanguage\":\"ru-RU\",\"@id\":\"https:\\\/\\\/pro-automation.fr\\\/wp-content\\\/uploads\\\/2024\\\/08\\\/website_chatbot.png\",\"url\":\"https:\\\/\\\/pro-automation.fr\\\/wp-content\\\/uploads\\\/2024\\\/08\\\/website_chatbot.png\",\"contentUrl\":\"https:\\\/\\\/pro-automation.fr\\\/wp-content\\\/uploads\\\/2024\\\/08\\\/website_chatbot.png\",\"width\":1200,\"height\":630,\"caption\":\"admin\"},\"logo\":{\"@id\":\"https:\\\/\\\/pro-automation.fr\\\/wp-content\\\/uploads\\\/2024\\\/08\\\/website_chatbot.png\"}}]}<\/script>\n<!-- \/ Yoast SEO plugin. -->","yoast_head_json":{"title":"Nos tarifs - pro-automation.fr","description":"D\u00e9couvrez nos tarifs comp\u00e9titifs pour sites web, e-commerce, chatbots, design logo. Services sur mesure pour chaque projet","robots":{"index":"index","follow":"follow","max-snippet":"max-snippet:-1","max-image-preview":"max-image-preview:large","max-video-preview":"max-video-preview:-1"},"canonical":"https:\/\/pro-automation.fr\/ru\/nos-tarifs\/","og_locale":"ru_RU","og_type":"article","og_title":"Nos tarifs - pro-automation.fr","og_description":"D\u00e9couvrez nos tarifs comp\u00e9titifs pour sites web, e-commerce, chatbots, design logo. Services sur mesure pour chaque projet","og_url":"https:\/\/pro-automation.fr\/ru\/nos-tarifs\/","og_site_name":"pro-automation.fr","article_modified_time":"2025-04-23T19:33:40+00:00","og_image":[{"width":1280,"height":720,"url":"https:\/\/pro-automation.fr\/wp-content\/uploads\/2024\/09\/pub.gif","type":"image\/gif"}],"twitter_card":"summary_large_image","twitter_misc":{"Est. reading time":"2 minutes"},"schema":{"@context":"https:\/\/schema.org","@graph":[{"@type":"WebPage","@id":"https:\/\/pro-automation.fr\/nos-tarifs\/","url":"https:\/\/pro-automation.fr\/nos-tarifs\/","name":"Nos tarifs - pro-automation.fr","isPartOf":{"@id":"https:\/\/pro-automation.fr\/#website"},"datePublished":"2024-07-02T19:48:42+00:00","dateModified":"2025-04-23T19:33:40+00:00","description":"D\u00e9couvrez nos tarifs comp\u00e9titifs pour sites web, e-commerce, chatbots, design logo. Services sur mesure pour chaque projet","breadcrumb":{"@id":"https:\/\/pro-automation.fr\/nos-tarifs\/#breadcrumb"},"inLanguage":"ru-RU","potentialAction":[{"@type":"ReadAction","target":["https:\/\/pro-automation.fr\/nos-tarifs\/"]}]},{"@type":"BreadcrumbList","@id":"https:\/\/pro-automation.fr\/nos-tarifs\/#breadcrumb","itemListElement":[{"@type":"ListItem","position":1,"name":"Home","item":"https:\/\/pro-automation.fr\/"},{"@type":"ListItem","position":2,"name":"Nos tarifs"}]},{"@type":"WebSite","@id":"https:\/\/pro-automation.fr\/#website","url":"https:\/\/pro-automation.fr\/","name":"pro-automation.fr","description":"\u0426\u0438\u0444\u0440\u043e\u0432\u044b\u0435 \u043f\u0440\u043e\u0444\u0435\u0441\u0441\u0438\u043e\u043d\u0430\u043b\u044c\u043d\u044b\u0435 \u0443\u0441\u043b\u0443\u0433\u0438","publisher":{"@id":"https:\/\/pro-automation.fr\/#\/schema\/person\/606784704bc97aa3315208141b8ffce5"},"potentialAction":[{"@type":"SearchAction","target":{"@type":"EntryPoint","urlTemplate":"https:\/\/pro-automation.fr\/?s={search_term_string}"},"query-input":{"@type":"PropertyValueSpecification","valueRequired":true,"valueName":"search_term_string"}}],"inLanguage":"ru-RU"},{"@type":["Person","Organization"],"@id":"https:\/\/pro-automation.fr\/#\/schema\/person\/606784704bc97aa3315208141b8ffce5","name":"\u0430\u0434\u043c\u0438\u043d\u0438\u0441\u0442\u0440\u0430\u0442\u043e\u0440","image":{"@type":"ImageObject","inLanguage":"ru-RU","@id":"https:\/\/pro-automation.fr\/wp-content\/uploads\/2024\/08\/website_chatbot.png","url":"https:\/\/pro-automation.fr\/wp-content\/uploads\/2024\/08\/website_chatbot.png","contentUrl":"https:\/\/pro-automation.fr\/wp-content\/uploads\/2024\/08\/website_chatbot.png","width":1200,"height":630,"caption":"admin"},"logo":{"@id":"https:\/\/pro-automation.fr\/wp-content\/uploads\/2024\/08\/website_chatbot.png"}}]}},"rttpg_featured_image_url":null,"rttpg_author":{"display_name":"admin","author_link":"https:\/\/pro-automation.fr\/ru\/author\/admin\/"},"rttpg_comment":0,"rttpg_category":null,"rttpg_excerpt":"[wpseo_breadcrumb]Des prix Service Co\u00fbt, en euros* Page d\u2019atterrissage optimis\u00e9e pour convertir les visiteurs en leads ou clients. \u00e0 partir de 100 Portfolio, site web personnel ou professionnel, site web d'une organisation ou d'une entreprise \u00e0 partir de 200 Site web de commerce \u00e9lectronique, catalogue de produits, site web d'agence immobili\u00e8re, syst\u00e8me de r\u00e9servation, centre \u00e9ducatif,&hellip;","_links":{"self":[{"href":"https:\/\/pro-automation.fr\/ru\/wp-json\/wp\/v2\/pages\/519","targetHints":{"allow":["GET"]}}],"collection":[{"href":"https:\/\/pro-automation.fr\/ru\/wp-json\/wp\/v2\/pages"}],"about":[{"href":"https:\/\/pro-automation.fr\/ru\/wp-json\/wp\/v2\/types\/page"}],"author":[{"embeddable":true,"href":"https:\/\/pro-automation.fr\/ru\/wp-json\/wp\/v2\/users\/1"}],"replies":[{"embeddable":true,"href":"https:\/\/pro-automation.fr\/ru\/wp-json\/wp\/v2\/comments?post=519"}],"version-history":[{"count":19,"href":"https:\/\/pro-automation.fr\/ru\/wp-json\/wp\/v2\/pages\/519\/revisions"}],"predecessor-version":[{"id":1262,"href":"https:\/\/pro-automation.fr\/ru\/wp-json\/wp\/v2\/pages\/519\/revisions\/1262"}],"wp:attachment":[{"href":"https:\/\/pro-automation.fr\/ru\/wp-json\/wp\/v2\/media?parent=519"}],"curies":[{"name":"WP","href":"https:\/\/api.w.org\/{rel}","templated":true}]}}