{"id":612,"date":"2024-07-06T15:42:04","date_gmt":"2024-07-06T13:42:04","guid":{"rendered":"https:\/\/em.pro-automation.fr\/?page_id=612"},"modified":"2025-04-23T12:52:55","modified_gmt":"2025-04-23T10:52:55","slug":"a-propos","status":"publish","type":"page","link":"https:\/\/pro-automation.fr\/ru\/a-propos\/","title":{"rendered":"\u041e \u043d\u0430\u0441\u00a0"},"content":{"rendered":"\n[et_pb_section fb_built=\u00a0\u00bb1&Prime; admin_label=\u00a0\u00bbHeader\u00a0\u00bb _builder_version=\u00a0\u00bb4.23.1&Prime; _module_preset=\u00a0\u00bbdefault\u00a0\u00bb background_color=\u00a0\u00bb#000000&Prime; use_background_color_gradient=\u00a0\u00bbon\u00a0\u00bb background_color_gradient_stops=\u00a0\u00bb#000000 0%|gcid-143aa564-2dbe-4a69-aba4-6587f516793c 100%\u00a0\u00bb custom_padding=\u00a0\u00bb6vw||6vw||true|false\u00a0\u00bb collapsed=\u00a0\u00bbon\u00a0\u00bb global_colors_info=\u00a0\u00bb{%22gcid-143aa564-2dbe-4a69-aba4-6587f516793c%22:%91%22background_color_gradient_stops%22%93}\u00a0\u00bb][et_pb_row _builder_version=\u00a0\u00bb4.24.2&Prime; _module_preset=\u00a0\u00bbdefault\u00a0\u00bb background_image=\u00a0\u00bbhttps:\/\/pro-automation.fr\/wp-content\/uploads\/2024\/06\/augmented-reality-background-03@2x.png\u00a0\u00bb parallax=\u00a0\u00bbon\u00a0\u00bb max_width=\u00a0\u00bb1280px\u00a0\u00bb custom_padding=\u00a0\u00bb10vw|8vw|10vw|8vw|true|true\u00a0\u00bb global_colors_info=\u00a0\u00bb{%22gcid-143aa564-2dbe-4a69-aba4-6587f516793c%22:%91%22background_color_gradient_stops%22%93}\u00a0\u00bb][et_pb_column type=\u00a0\u00bb4_4&Prime; _builder_version=\u00a0\u00bb4.22.1&Prime; _module_preset=\u00a0\u00bbdefault\u00a0\u00bb global_colors_info=\u00a0\u00bb{}\u00a0\u00bb][et_pb_text _builder_version=\u00a0\u00bb4.27.0&Prime; _module_preset=\u00a0\u00bbb6e20fb0-0d68-4ab4-aac0-e71d65b09804&Prime; header_4_text_color=\u00a0\u00bbgcid-afa30cf2-6f5d-4b9c-aa39-7dbe1ac3b7a3&Prime; text_orientation=\u00a0\u00bbcenter\u00a0\u00bb global_colors_info=\u00a0\u00bb{%22gcid-afa30cf2-6f5d-4b9c-aa39-7dbe1ac3b7a3%22:%91%22header_4_text_color%22%93}\u00a0\u00bb]<h4>D\u00e9veloppeur web certifi\u00e9<\/h4>[\/et_pb_text][et_pb_text _builder_version=\u00a0\u00bb4.26.0&Prime; _module_preset=\u00a0\u00bb3ed50ea9-3429-4e45-9c23-6da85378d9bf\u00a0\u00bb header_text_color=\u00a0\u00bb#FFFFFF\u00a0\u00bb text_orientation=\u00a0\u00bbcenter\u00a0\u00bb global_colors_info=\u00a0\u00bb{}\u00a0\u00bb]<h1><strong>\u00c0 propos de moi<\/strong><\/h1>[\/et_pb_text][et_pb_code _builder_version=\u00a0\u00bb4.27.0&Prime; _module_preset=\u00a0\u00bbdefault\u00a0\u00bb hover_enabled=\u00a0\u00bb0&Prime; sticky_enabled=\u00a0\u00bb0&Prime;]<span><span><a href=\"https:\/\/pro-automation.fr\/\">Home<\/a><\/span><\/span>[\/et_pb_code][et_pb_button button_text=\u00a0\u00bbLes projets\u00a0\u00bb button_alignment=\u00a0\u00bbcenter\u00a0\u00bb _builder_version=\u00a0\u00bb4.26.0&Prime; _module_preset=\u00a0\u00bb8dc3d388-23c7-4114-abc1-987ae02292f2&Prime; global_colors_info=\u00a0\u00bb{}\u00a0\u00bb][\/et_pb_button][\/et_pb_column][\/et_pb_row][et_pb_row _builder_version=\u00a0\u00bb4.25.2&Prime; _module_preset=\u00a0\u00bbdefault\u00a0\u00bb global_colors_info=\u00a0\u00bb{}\u00a0\u00bb][et_pb_column type=\u00a0\u00bb4_4&Prime; _builder_version=\u00a0\u00bb4.25.2&Prime; _module_preset=\u00a0\u00bbdefault\u00a0\u00bb global_colors_info=\u00a0\u00bb{}\u00a0\u00bb][et_pb_text _builder_version=\u00a0\u00bb4.26.0&Prime; _module_preset=\u00a0\u00bbdefault\u00a0\u00bb text_font=\u00a0\u00bbExo 2||||||||\u00a0\u00bb text_font_size=\u00a0\u00bb17px\u00a0\u00bb text_line_height=\u00a0\u00bb1.8em\u00a0\u00bb global_colors_info=\u00a0\u00bb{}\u00a0\u00bb]<p>Je suis un d\u00e9veloppeur web passionn\u00e9 par les technologies et le d\u00e9veloppement de solutions innovantes. J&rsquo;ai obtenu mon dipl\u00f4me en informatique, ce qui m&rsquo;a permis d&rsquo;acqu\u00e9rir des comp\u00e9tences solides en programmation et en conception de syst\u00e8mes. En cons\u00e9quence, j&rsquo;ai travaill\u00e9 sur divers projets, allant du d\u00e9veloppement d&rsquo;applications mobiles \u00e0 la cr\u00e9ation de jeux, ce qui a renforc\u00e9 mon expertise technique et ma capacit\u00e9 \u00e0 r\u00e9soudre des probl\u00e8mes complexes.<\/p>[\/et_pb_text][\/et_pb_column][\/et_pb_row][\/et_pb_section][et_pb_section fb_built=\u00a0\u00bb1&Prime; admin_label=\u00a0\u00bbService\u00a0\u00bb _builder_version=\u00a0\u00bb4.22.1&Prime; _module_preset=\u00a0\u00bbdefault\u00a0\u00bb background_color=\u00a0\u00bb#000000&Prime; collapsed=\u00a0\u00bbon\u00a0\u00bb global_colors_info=\u00a0\u00bb{}\u00a0\u00bb][et_pb_row column_structure=\u00a0\u00bb3_5,2_5&Prime; _builder_version=\u00a0\u00bb4.26.0&Prime; _module_preset=\u00a0\u00bbdefault\u00a0\u00bb global_colors_info=\u00a0\u00bb{}\u00a0\u00bb][et_pb_column type=\u00a0\u00bb3_5&Prime; _builder_version=\u00a0\u00bb4.26.0&Prime; _module_preset=\u00a0\u00bbdefault\u00a0\u00bb global_colors_info=\u00a0\u00bb{}\u00a0\u00bb][et_pb_text _builder_version=\u00a0\u00bb4.26.0&Prime; _module_preset=\u00a0\u00bb96a92d02-faa0-441d-a932-23b134d7afa6&Prime; header_2_text_color=\u00a0\u00bb#FFFFFF\u00a0\u00bb text_orientation=\u00a0\u00bbcenter\u00a0\u00bb custom_margin=\u00a0\u00bb||10px||false|false\u00a0\u00bb global_colors_info=\u00a0\u00bb{}\u00a0\u00bb]<h2>Comp\u00e9tences et expertises<\/h2>[\/et_pb_text][et_pb_text _builder_version=\u00a0\u00bb4.26.0&Prime; _module_preset=\u00a0\u00bb701ca86f-965a-4ef0-a6c9-e388fcfc785c\u00a0\u00bb text_font=\u00a0\u00bbExo 2||||||||\u00a0\u00bb text_text_color=\u00a0\u00bb#FFFFFF\u00a0\u00bb text_font_size=\u00a0\u00bb17px\u00a0\u00bb global_colors_info=\u00a0\u00bb{}\u00a0\u00bb]<ul>\n<li>HTML5, CSS3, JavaScript, Python : Je ma\u00eetrise les technologies web de base et cr\u00e9e des interfaces utilisateur dynamiques et r\u00e9actives. J&rsquo;ai d\u00e9velopp\u00e9 plusieurs sites web interactifs.<\/li>\n<li>Symfony4, SQL : J&rsquo;ai une exp\u00e9rience dans le d\u00e9veloppement de backend robuste et la gestion de bases de donn\u00e9es. Ainsi, je peux concevoir des syst\u00e8mes efficaces et s\u00e9curis\u00e9s.<\/li>\n<li>Automatisation des tests : J&rsquo;utilise Postman, Robot Framework, JMeter et Cypress pour assurer la qualit\u00e9 du code. De plus, ces outils me permettent de d\u00e9tecter et de corriger rapidement les erreurs.<\/li>\n<\/ul>[\/et_pb_text][\/et_pb_column][et_pb_column type=\u00a0\u00bb2_5&Prime; _builder_version=\u00a0\u00bb4.26.0&Prime; _module_preset=\u00a0\u00bbdefault\u00a0\u00bb global_colors_info=\u00a0\u00bb{}\u00a0\u00bb][et_pb_image src=\u00a0\u00bbhttps:\/\/pro-automation.fr\/wp-content\/uploads\/2024\/08\/Developpeur-web-diplome.png\u00a0\u00bb alt=\u00a0\u00bb\u00c0 propos de moi\u00a0\u00bb _builder_version=\u00a0\u00bb4.27.0&Prime; _module_preset=\u00a0\u00bbdefault\u00a0\u00bb global_colors_info=\u00a0\u00bb{}\u00a0\u00bb][\/et_pb_image][\/et_pb_column][\/et_pb_row][et_pb_row _builder_version=\u00a0\u00bb4.26.0&Prime; _module_preset=\u00a0\u00bbdefault\u00a0\u00bb global_colors_info=\u00a0\u00bb{}\u00a0\u00bb][et_pb_column type=\u00a0\u00bb4_4&Prime; _builder_version=\u00a0\u00bb4.26.0&Prime; _module_preset=\u00a0\u00bbdefault\u00a0\u00bb global_colors_info=\u00a0\u00bb{}\u00a0\u00bb][et_pb_text _builder_version=\u00a0\u00bb4.26.0&Prime; _module_preset=\u00a0\u00bbdefault\u00a0\u00bb text_font=\u00a0\u00bbExo 2||||||||\u00a0\u00bb text_font_size=\u00a0\u00bb17px\u00a0\u00bb global_colors_info=\u00a0\u00bb{}\u00a0\u00bb]<p>D\u00e9couvrez mes <a href=\"https:\/\/mikhail2409.github.io\/myportfolio.github.io\/\" target=\"_blank\" rel=\"noopener\" title=\"Projets r\u00e9cents\">projets r\u00e9cents<\/a> pour voir mes comp\u00e9tences en action.<\/p>[\/et_pb_text][\/et_pb_column][\/et_pb_row][et_pb_row _builder_version=\u00a0\u00bb4.25.2&Prime; _module_preset=\u00a0\u00bbdefault\u00a0\u00bb global_colors_info=\u00a0\u00bb{}\u00a0\u00bb][et_pb_column type=\u00a0\u00bb4_4&Prime; _builder_version=\u00a0\u00bb4.25.2&Prime; _module_preset=\u00a0\u00bbdefault\u00a0\u00bb global_colors_info=\u00a0\u00bb{}\u00a0\u00bb][et_pb_text _builder_version=\u00a0\u00bb4.26.0&Prime; _module_preset=\u00a0\u00bbd25f71e6-d405-4bd2-b628-b0725bf5ee45&Prime; header_3_text_color=\u00a0\u00bb#FFFFFF\u00a0\u00bb text_orientation=\u00a0\u00bbcenter\u00a0\u00bb global_colors_info=\u00a0\u00bb{}\u00a0\u00bb]<h3>\u00c0 propos de mes mission et valeurs<\/h3>[\/et_pb_text][et_pb_text _builder_version=\u00a0\u00bb4.26.0&Prime; _module_preset=\u00a0\u00bbdefault\u00a0\u00bb text_font=\u00a0\u00bbExo 2||||||||\u00a0\u00bb text_font_size=\u00a0\u00bb17px\u00a0\u00bb text_line_height=\u00a0\u00bb1.8em\u00a0\u00bb global_colors_info=\u00a0\u00bb{}\u00a0\u00bb]<p>Je d\u00e9veloppe des solutions technologiques innovantes qui r\u00e9pondent aux besoins des utilisateurs et des entreprises. Actuellement, je cr\u00e9e des Chat Bots et des reels pour les r\u00e9seaux sociaux afin d&rsquo;am\u00e9liorer l&rsquo;interaction et l&rsquo;engagement des utilisateurs. J&rsquo;aspire \u00e0 apprendre et \u00e0 \u00e9voluer dans le domaine du d\u00e9veloppement web tout en aidant mes clients \u00e0 atteindre leurs objectifs gr\u00e2ce \u00e0 des solutions technologiques sur mesure. En outre, je crois que la technologie peut transformer le monde de mani\u00e8re positive, et je m&rsquo;efforce d&rsquo;apporter ma contribution \u00e0 cette transformation.<\/p>\n<p>En dehors de mon travail, je suis un fervent adepte de l&rsquo;apprentissage continu. Par cons\u00e9quent, je cherche toujours \u00e0 am\u00e9liorer mes comp\u00e9tences et \u00e0 me tenir au courant des derni\u00e8res tendances technologiques. J&rsquo;appr\u00e9cie particuli\u00e8rement les d\u00e9fis qui me poussent \u00e0 innover et \u00e0 sortir des sentiers battus. En revanche, je veille \u00e0 ce que chaque solution soit fonctionnelle, intuitive et agr\u00e9able \u00e0 utiliser.<\/p>[\/et_pb_text][et_pb_text _builder_version=\u00a0\u00bb4.27.0&Prime; _module_preset=\u00a0\u00bbdefault\u00a0\u00bb text_font=\u00a0\u00bbExo 2||||||||\u00a0\u00bb text_font_size=\u00a0\u00bb17px\u00a0\u00bb global_colors_info=\u00a0\u00bb{}\u00a0\u00bb]<p>Pour me contacter directement, rendez-vous sur la page <a href=\"https:\/\/pro-automation.fr\/contact\/\">Contact<\/a><\/p>[\/et_pb_text][\/et_pb_column][\/et_pb_row][\/et_pb_section]\n","protected":false},"excerpt":{"rendered":"<p>D\u00e9veloppeur web certifi\u00e9\u00c0 propos de moi<span><span><a href=\"https:\/\/pro-automation.fr\/\">Home<\/a><\/span><\/span>Je suis un d\u00e9veloppeur web passionn\u00e9 par les technologies et le d\u00e9veloppement de solutions innovantes. J&rsquo;ai obtenu mon dipl\u00f4me en informatique, ce qui m&rsquo;a permis d&rsquo;acqu\u00e9rir des comp\u00e9tences solides en programmation et en conception de syst\u00e8mes. En cons\u00e9quence, j&rsquo;ai travaill\u00e9 sur divers projets, allant du d\u00e9veloppement d&rsquo;applications mobiles \u00e0 la [&hellip;]<\/p>\n","protected":false},"author":1,"featured_media":0,"parent":0,"menu_order":0,"comment_status":"closed","ping_status":"closed","template":"","meta":{"_et_pb_use_builder":"on","_et_pb_old_content":"","_et_gb_content_width":"","footnotes":""},"class_list":["post-612","page","type-page","status-publish","hentry"],"yoast_head":"<!-- This site is optimized with the Yoast SEO plugin v27.3 - https:\/\/yoast.com\/product\/yoast-seo-wordpress\/ -->\n<title>\u00c0 propos<\/title>\n<meta name=\"description\" content=\"\u00c0 propos\u00a0de d\u00e9veloppeur web passionn\u00e9 ma\u00eetrisant HTML5, CSS3, JavaScript, et Python. Mes comp\u00e9tences en backend, tests automatis\u00e9s et plus.\" \/>\n<meta name=\"robots\" content=\"index, follow, max-snippet:-1, max-image-preview:large, max-video-preview:-1\" \/>\n<link rel=\"canonical\" href=\"https:\/\/pro-automation.fr\/ru\/a-propos\/\" \/>\n<meta property=\"og:locale\" content=\"ru_RU\" \/>\n<meta property=\"og:type\" content=\"article\" \/>\n<meta property=\"og:title\" content=\"\u00c0 propos\" \/>\n<meta property=\"og:description\" content=\"\u00c0 propos\u00a0de d\u00e9veloppeur web passionn\u00e9 ma\u00eetrisant HTML5, CSS3, JavaScript, et Python. Mes comp\u00e9tences en backend, tests automatis\u00e9s et plus.\" \/>\n<meta property=\"og:url\" content=\"https:\/\/pro-automation.fr\/ru\/a-propos\/\" \/>\n<meta property=\"og:site_name\" content=\"pro-automation.fr\" \/>\n<meta property=\"article:modified_time\" content=\"2025-04-23T10:52:55+00:00\" \/>\n<meta property=\"og:image\" content=\"https:\/\/pro-automation.fr\/wp-content\/uploads\/2024\/09\/pub.gif\" \/>\n\t<meta property=\"og:image:width\" content=\"1280\" \/>\n\t<meta property=\"og:image:height\" content=\"720\" \/>\n\t<meta property=\"og:image:type\" content=\"image\/gif\" \/>\n<meta name=\"twitter:card\" content=\"summary_large_image\" \/>\n<meta name=\"twitter:label1\" content=\"Est. reading time\" \/>\n\t<meta name=\"twitter:data1\" content=\"2 minutes\" \/>\n<script type=\"application\/ld+json\" class=\"yoast-schema-graph\">{\"@context\":\"https:\\\/\\\/schema.org\",\"@graph\":[{\"@type\":\"WebPage\",\"@id\":\"https:\\\/\\\/pro-automation.fr\\\/a-propos\\\/\",\"url\":\"https:\\\/\\\/pro-automation.fr\\\/a-propos\\\/\",\"name\":\"\u00c0 propos\",\"isPartOf\":{\"@id\":\"https:\\\/\\\/pro-automation.fr\\\/#website\"},\"datePublished\":\"2024-07-06T13:42:04+00:00\",\"dateModified\":\"2025-04-23T10:52:55+00:00\",\"description\":\"\u00c0 propos\u00a0de d\u00e9veloppeur web passionn\u00e9 ma\u00eetrisant HTML5, CSS3, JavaScript, et Python. Mes comp\u00e9tences en backend, tests automatis\u00e9s et plus.\",\"breadcrumb\":{\"@id\":\"https:\\\/\\\/pro-automation.fr\\\/a-propos\\\/#breadcrumb\"},\"inLanguage\":\"ru-RU\",\"potentialAction\":[{\"@type\":\"ReadAction\",\"target\":[\"https:\\\/\\\/pro-automation.fr\\\/a-propos\\\/\"]}]},{\"@type\":\"BreadcrumbList\",\"@id\":\"https:\\\/\\\/pro-automation.fr\\\/a-propos\\\/#breadcrumb\",\"itemListElement\":[{\"@type\":\"ListItem\",\"position\":1,\"name\":\"Home\",\"item\":\"https:\\\/\\\/pro-automation.fr\\\/\"},{\"@type\":\"ListItem\",\"position\":2,\"name\":\"\u00c0 propos\u00a0\"}]},{\"@type\":\"WebSite\",\"@id\":\"https:\\\/\\\/pro-automation.fr\\\/#website\",\"url\":\"https:\\\/\\\/pro-automation.fr\\\/\",\"name\":\"pro-automation.fr\",\"description\":\"Services Professionnels Digitaux\",\"publisher\":{\"@id\":\"https:\\\/\\\/pro-automation.fr\\\/#\\\/schema\\\/person\\\/606784704bc97aa3315208141b8ffce5\"},\"potentialAction\":[{\"@type\":\"SearchAction\",\"target\":{\"@type\":\"EntryPoint\",\"urlTemplate\":\"https:\\\/\\\/pro-automation.fr\\\/?s={search_term_string}\"},\"query-input\":{\"@type\":\"PropertyValueSpecification\",\"valueRequired\":true,\"valueName\":\"search_term_string\"}}],\"inLanguage\":\"ru-RU\"},{\"@type\":[\"Person\",\"Organization\"],\"@id\":\"https:\\\/\\\/pro-automation.fr\\\/#\\\/schema\\\/person\\\/606784704bc97aa3315208141b8ffce5\",\"name\":\"admin\",\"image\":{\"@type\":\"ImageObject\",\"inLanguage\":\"ru-RU\",\"@id\":\"https:\\\/\\\/pro-automation.fr\\\/wp-content\\\/uploads\\\/2024\\\/08\\\/website_chatbot.png\",\"url\":\"https:\\\/\\\/pro-automation.fr\\\/wp-content\\\/uploads\\\/2024\\\/08\\\/website_chatbot.png\",\"contentUrl\":\"https:\\\/\\\/pro-automation.fr\\\/wp-content\\\/uploads\\\/2024\\\/08\\\/website_chatbot.png\",\"width\":1200,\"height\":630,\"caption\":\"admin\"},\"logo\":{\"@id\":\"https:\\\/\\\/pro-automation.fr\\\/wp-content\\\/uploads\\\/2024\\\/08\\\/website_chatbot.png\"}}]}<\/script>\n<!-- \/ Yoast SEO plugin. -->","yoast_head_json":{"title":"\u041e \u043d\u0430\u0441","description":"\u00c0 propos\u00a0de d\u00e9veloppeur web passionn\u00e9 ma\u00eetrisant HTML5, CSS3, JavaScript, et Python. Mes comp\u00e9tences en backend, tests automatis\u00e9s et plus.","robots":{"index":"index","follow":"follow","max-snippet":"max-snippet:-1","max-image-preview":"max-image-preview:large","max-video-preview":"max-video-preview:-1"},"canonical":"https:\/\/pro-automation.fr\/ru\/a-propos\/","og_locale":"ru_RU","og_type":"article","og_title":"\u00c0 propos","og_description":"\u00c0 propos\u00a0de d\u00e9veloppeur web passionn\u00e9 ma\u00eetrisant HTML5, CSS3, JavaScript, et Python. Mes comp\u00e9tences en backend, tests automatis\u00e9s et plus.","og_url":"https:\/\/pro-automation.fr\/ru\/a-propos\/","og_site_name":"pro-automation.fr","article_modified_time":"2025-04-23T10:52:55+00:00","og_image":[{"width":1280,"height":720,"url":"https:\/\/pro-automation.fr\/wp-content\/uploads\/2024\/09\/pub.gif","type":"image\/gif"}],"twitter_card":"summary_large_image","twitter_misc":{"Est. reading time":"2 minutes"},"schema":{"@context":"https:\/\/schema.org","@graph":[{"@type":"WebPage","@id":"https:\/\/pro-automation.fr\/a-propos\/","url":"https:\/\/pro-automation.fr\/a-propos\/","name":"\u041e \u043d\u0430\u0441","isPartOf":{"@id":"https:\/\/pro-automation.fr\/#website"},"datePublished":"2024-07-06T13:42:04+00:00","dateModified":"2025-04-23T10:52:55+00:00","description":"\u00c0 propos\u00a0de d\u00e9veloppeur web passionn\u00e9 ma\u00eetrisant HTML5, CSS3, JavaScript, et Python. Mes comp\u00e9tences en backend, tests automatis\u00e9s et plus.","breadcrumb":{"@id":"https:\/\/pro-automation.fr\/a-propos\/#breadcrumb"},"inLanguage":"ru-RU","potentialAction":[{"@type":"ReadAction","target":["https:\/\/pro-automation.fr\/a-propos\/"]}]},{"@type":"BreadcrumbList","@id":"https:\/\/pro-automation.fr\/a-propos\/#breadcrumb","itemListElement":[{"@type":"ListItem","position":1,"name":"Home","item":"https:\/\/pro-automation.fr\/"},{"@type":"ListItem","position":2,"name":"\u00c0 propos\u00a0"}]},{"@type":"WebSite","@id":"https:\/\/pro-automation.fr\/#website","url":"https:\/\/pro-automation.fr\/","name":"pro-automation.fr","description":"\u0426\u0438\u0444\u0440\u043e\u0432\u044b\u0435 \u043f\u0440\u043e\u0444\u0435\u0441\u0441\u0438\u043e\u043d\u0430\u043b\u044c\u043d\u044b\u0435 \u0443\u0441\u043b\u0443\u0433\u0438","publisher":{"@id":"https:\/\/pro-automation.fr\/#\/schema\/person\/606784704bc97aa3315208141b8ffce5"},"potentialAction":[{"@type":"SearchAction","target":{"@type":"EntryPoint","urlTemplate":"https:\/\/pro-automation.fr\/?s={search_term_string}"},"query-input":{"@type":"PropertyValueSpecification","valueRequired":true,"valueName":"search_term_string"}}],"inLanguage":"ru-RU"},{"@type":["Person","Organization"],"@id":"https:\/\/pro-automation.fr\/#\/schema\/person\/606784704bc97aa3315208141b8ffce5","name":"\u0430\u0434\u043c\u0438\u043d\u0438\u0441\u0442\u0440\u0430\u0442\u043e\u0440","image":{"@type":"ImageObject","inLanguage":"ru-RU","@id":"https:\/\/pro-automation.fr\/wp-content\/uploads\/2024\/08\/website_chatbot.png","url":"https:\/\/pro-automation.fr\/wp-content\/uploads\/2024\/08\/website_chatbot.png","contentUrl":"https:\/\/pro-automation.fr\/wp-content\/uploads\/2024\/08\/website_chatbot.png","width":1200,"height":630,"caption":"admin"},"logo":{"@id":"https:\/\/pro-automation.fr\/wp-content\/uploads\/2024\/08\/website_chatbot.png"}}]}},"rttpg_featured_image_url":null,"rttpg_author":{"display_name":"admin","author_link":"https:\/\/pro-automation.fr\/ru\/author\/admin\/"},"rttpg_comment":0,"rttpg_category":null,"rttpg_excerpt":"D\u00e9veloppeur web certifi\u00e9\u00c0 propos de moi[wpseo_breadcrumb]Je suis un d\u00e9veloppeur web passionn\u00e9 par les technologies et le d\u00e9veloppement de solutions innovantes. J'ai obtenu mon dipl\u00f4me en informatique, ce qui m'a permis d'acqu\u00e9rir des comp\u00e9tences solides en programmation et en conception de syst\u00e8mes. En cons\u00e9quence, j'ai travaill\u00e9 sur divers projets, allant du d\u00e9veloppement d'applications mobiles \u00e0 la&hellip;","_links":{"self":[{"href":"https:\/\/pro-automation.fr\/ru\/wp-json\/wp\/v2\/pages\/612","targetHints":{"allow":["GET"]}}],"collection":[{"href":"https:\/\/pro-automation.fr\/ru\/wp-json\/wp\/v2\/pages"}],"about":[{"href":"https:\/\/pro-automation.fr\/ru\/wp-json\/wp\/v2\/types\/page"}],"author":[{"embeddable":true,"href":"https:\/\/pro-automation.fr\/ru\/wp-json\/wp\/v2\/users\/1"}],"replies":[{"embeddable":true,"href":"https:\/\/pro-automation.fr\/ru\/wp-json\/wp\/v2\/comments?post=612"}],"version-history":[{"count":21,"href":"https:\/\/pro-automation.fr\/ru\/wp-json\/wp\/v2\/pages\/612\/revisions"}],"predecessor-version":[{"id":1239,"href":"https:\/\/pro-automation.fr\/ru\/wp-json\/wp\/v2\/pages\/612\/revisions\/1239"}],"wp:attachment":[{"href":"https:\/\/pro-automation.fr\/ru\/wp-json\/wp\/v2\/media?parent=612"}],"curies":[{"name":"WP","href":"https:\/\/api.w.org\/{rel}","templated":true}]}}