{"id":635,"date":"2024-07-06T16:54:47","date_gmt":"2024-07-06T14:54:47","guid":{"rendered":"https:\/\/em.pro-automation.fr\/?page_id=635"},"modified":"2025-04-23T20:48:00","modified_gmt":"2025-04-23T18:48:00","slug":"faq","status":"publish","type":"page","link":"https:\/\/pro-automation.fr\/ru\/faq\/","title":{"rendered":"\u0427\u0430\u0441\u0442\u043e \u0437\u0430\u0434\u0430\u0432\u0430\u0435\u043c\u044b\u0435 \u0432\u043e\u043f\u0440\u043e\u0441\u044b"},"content":{"rendered":"\n[et_pb_section fb_built=\u00a0\u00bb1&Prime; _builder_version=\u00a0\u00bb4.26.0&Prime; _module_preset=\u00a0\u00bbdefault\u00a0\u00bb global_colors_info=\u00a0\u00bb{}\u00a0\u00bb][et_pb_row _builder_version=\u00a0\u00bb4.23.1&Prime; _module_preset=\u00a0\u00bbdefault\u00a0\u00bb width=\u00a0\u00bb100%\u00a0\u00bb max_width=\u00a0\u00bb2000px\u00a0\u00bb global_colors_info=\u00a0\u00bb{}\u00a0\u00bb][et_pb_column type=\u00a0\u00bb4_4&Prime; _builder_version=\u00a0\u00bb4.22.1&Prime; _module_preset=\u00a0\u00bbdefault\u00a0\u00bb global_colors_info=\u00a0\u00bb{}\u00a0\u00bb][et_pb_image src=\u00a0\u00bbhttps:\/\/pro-automation.fr\/wp-content\/uploads\/2024\/07\/faq.png\u00a0\u00bb alt=\u00a0\u00bbFAQ\u00a0\u00bb title_text=\u00a0\u00bbFAQ\u00a0\u00bb force_fullwidth=\u00a0\u00bbon\u00a0\u00bb _builder_version=\u00a0\u00bb4.26.0&Prime; _module_preset=\u00a0\u00bbdefault\u00a0\u00bb scroll_vertical_motion_enable=\u00a0\u00bbon\u00a0\u00bb scroll_vertical_motion=\u00a0\u00bb0|50|50|100|1|0|-1&Prime; global_colors_info=\u00a0\u00bb{}\u00a0\u00bb][\/et_pb_image][et_pb_text _builder_version=\u00a0\u00bb4.26.0&Prime; _module_preset=\u00a0\u00bb3f934e2b-d4f4-44d7-ae0e-82466ab1c97a\u00a0\u00bb header_text_color=\u00a0\u00bb#FFFFFF\u00a0\u00bb text_orientation=\u00a0\u00bbcenter\u00a0\u00bb global_colors_info=\u00a0\u00bb{}\u00a0\u00bb]<h1>FAQ<\/h1>[\/et_pb_text][\/et_pb_column][\/et_pb_row][et_pb_row _builder_version=\u00a0\u00bb4.25.2&Prime; _module_preset=\u00a0\u00bbdefault\u00a0\u00bb global_colors_info=\u00a0\u00bb{}\u00a0\u00bb][et_pb_column type=\u00a0\u00bb4_4&Prime; _builder_version=\u00a0\u00bb4.25.2&Prime; _module_preset=\u00a0\u00bbdefault\u00a0\u00bb global_colors_info=\u00a0\u00bb{}\u00a0\u00bb][et_pb_text _builder_version=\u00a0\u00bb4.26.0&Prime; _module_preset=\u00a0\u00bbdefault\u00a0\u00bb text_font=\u00a0\u00bbExo 2||||||||\u00a0\u00bb text_font_size=\u00a0\u00bb17px\u00a0\u00bb text_line_height=\u00a0\u00bb1.8em\u00a0\u00bb global_colors_info=\u00a0\u00bb{}\u00a0\u00bb]<p>Le but d&rsquo;une FAQ (Foire Aux Questions) est multiple et essentiel pour l&rsquo;exp\u00e9rience utilisateur sur un site web.<\/p>[\/et_pb_text][\/et_pb_column][\/et_pb_row][et_pb_row _builder_version=\u00a0\u00bb4.26.0&Prime; _module_preset=\u00a0\u00bbdefault\u00a0\u00bb global_colors_info=\u00a0\u00bb{}\u00a0\u00bb][et_pb_column type=\u00a0\u00bb4_4&Prime; _builder_version=\u00a0\u00bb4.26.0&Prime; _module_preset=\u00a0\u00bbdefault\u00a0\u00bb global_colors_info=\u00a0\u00bb{}\u00a0\u00bb][et_pb_text _builder_version=\u00a0\u00bb4.27.0&Prime; _module_preset=\u00a0\u00bbdefault\u00a0\u00bb text_font=\u00a0\u00bbExo 2||||||||\u00a0\u00bb text_font_size=\u00a0\u00bb17px\u00a0\u00bb hover_enabled=\u00a0\u00bb0&Prime; global_colors_info=\u00a0\u00bb{}\u00a0\u00bb sticky_enabled=\u00a0\u00bb0&Prime;]<h2>FAQ sur nos Services Web<\/h2>\n<ul>\n<li><a href=\"#\" class=\"faq-question\" data-modal=\"faq1\">Ce que contiendra le site ?<\/a><\/li>\n<li><a href=\"#\" class=\"faq-question\" data-modal=\"faq2\">Comment pouvez-vous proposer un prix aussi bas ?<\/a><\/li>\n<li><a href=\"#\" class=\"faq-question\" data-modal=\"faq3\">Combien devrai-je payer \u00e0 l&rsquo;avenir ?<\/a><\/li>\n<li><a href=\"#\" class=\"faq-question\" data-modal=\"faq4\">Qu&rsquo;est-ce que je re\u00e7ois apr\u00e8s avoir payer ma commande ?<\/a><\/li>\n<li><a href=\"#\" class=\"faq-question\" data-modal=\"faq5\">Le nom de domaine et l&rsquo;h\u00e9bergement sont-ils inclus ?<\/a><\/li>\n<li><a href=\"#\" class=\"faq-question\" data-modal=\"faq6\">Fournissez-vous une garantie ?<\/a><\/li>\n<li><a href=\"#\" class=\"faq-question\" data-modal=\"faq7\">Par o\u00f9 commencer ?<\/a><\/li>\n<li><a href=\"#\" class=\"faq-question\" data-modal=\"faq8\">Dois-je affiner mon site apr\u00e8s sa cr\u00e9ation ?<\/a><\/li>\n<li><a href=\"#\" class=\"faq-question\" data-modal=\"faq9\">Quels types de projets avez-vous r\u00e9alis\u00e9s auparavant ?<\/a><\/li>\n<li><a href=\"#\" class=\"faq-question\" data-modal=\"faq10\">Quelle est votre politique de confidentialit\u00e9 ?<\/a><\/li>\n<li><a href=\"#\" class=\"faq-question\" data-modal=\"faq11\">Est-ce que vous pouvez promouvoir le site dans les moteurs de recherche, attirer des clients vers le site ?<\/a><\/li>\n<\/ul>[\/et_pb_text][\/et_pb_column][\/et_pb_row][et_pb_row _builder_version=\u00a0\u00bb4.26.0&Prime; _module_preset=\u00a0\u00bbdefault\u00a0\u00bb global_colors_info=\u00a0\u00bb{}\u00a0\u00bb][et_pb_column type=\u00a0\u00bb4_4&Prime; _builder_version=\u00a0\u00bb4.26.0&Prime; _module_preset=\u00a0\u00bbdefault\u00a0\u00bb global_colors_info=\u00a0\u00bb{}\u00a0\u00bb][et_pb_code _builder_version=\u00a0\u00bb4.27.0&Prime; _module_preset=\u00a0\u00bbdefault\u00a0\u00bb hover_enabled=\u00a0\u00bb0&Prime; global_colors_info=\u00a0\u00bb{}\u00a0\u00bb sticky_enabled=\u00a0\u00bb0&Prime;]<!-- Modales FAQ --><!-- [et_pb_line_break_holder] --><div id=\"faq1\" class=\"modal\"><!-- [et_pb_line_break_holder] -->    <div class=\"modal-content\"><!-- [et_pb_line_break_holder] -->        <span class=\"close\" data-modal=\"faq1\">\u00d7<\/span><!-- [et_pb_line_break_holder] -->        <h2>FAQ: Ce que contiendra le site? <\/h2><!-- [et_pb_line_break_holder] -->        <pee>Si vous optez pour une page d&rsquo;atterrissage, elle sera con\u00e7ue pour capter l&rsquo;attention de vos visiteurs, avec un espace d\u00e9di\u00e9 pour afficher vos annonces et un formulaire en bas de page permettant aux clients de vous envoyer des demandes de renseignements. Si vous choisissez un blog, votre site inclura les pages principales telles que Accueil, Blog, Contacts, \u00c0 propos de nous, et Services.<\/pee><!-- [et_pb_line_break_holder] -->    <\/div><!-- [et_pb_line_break_holder] --><\/div><!-- [et_pb_line_break_holder] --><!-- [et_pb_line_break_holder] --><div id=\"faq2\" class=\"modal\"><!-- [et_pb_line_break_holder] -->    <div class=\"modal-content\"><!-- [et_pb_line_break_holder] -->        <span class=\"close\" data-modal=\"faq2\">\u00d7<\/span><!-- [et_pb_line_break_holder] -->        <h2>FAQ: Comment pouvez-vous proposer un prix aussi bas ?<\/h2><!-- [et_pb_line_break_holder] -->        <pee>Nous sommes en mesure de proposer un prix comp\u00e9titif car nous utilisons des syst\u00e8mes de gestion de contenu open source, comme WordPress, pour cr\u00e9er des sites web personnalis\u00e9s en fonction de vos besoins. Cela nous permet d&rsquo;\u00e9conomiser sur les co\u00fbts de d\u00e9veloppement tout en maintenant un haut niveau de qualit\u00e9 et de flexibilit\u00e9. Nous int\u00e9grons vos images et votre texte pour concevoir un site qui refl\u00e8te votre identit\u00e9 visuelle. De plus, si vous avez des besoins sp\u00e9cifiques ou souhaitez une fonctionnalit\u00e9 unique, nous pouvons \u00e9galement d\u00e9velopper une application web enti\u00e8rement personnalis\u00e9e, adapt\u00e9e pr\u00e9cis\u00e9ment \u00e0 vos exigences.<\/pee><!-- [et_pb_line_break_holder] -->    <\/div><!-- [et_pb_line_break_holder] --><\/div><!-- [et_pb_line_break_holder] --><!-- [et_pb_line_break_holder] --><div id=\"faq3\" class=\"modal\"><!-- [et_pb_line_break_holder] -->    <div class=\"modal-content\"><!-- [et_pb_line_break_holder] -->        <span class=\"close\" data-modal=\"faq3\">\u00d7<\/span><!-- [et_pb_line_break_holder] -->        <h2>FAQ: Combien devrai-je payer \u00e0 l&rsquo;avenir ?<\/h2><!-- [et_pb_line_break_holder] -->        <pee>Si vous n&rsquo;\u00eates pas satisfait, vous n&rsquo;aurez rien \u00e0 payer. Votre site web sera op\u00e9rationnel sans aucune obligation suppl\u00e9mentaire. Si vous souhaitez continuer \u00e0 d\u00e9velopper votre site, nous pouvons le faire pour vous, ou vous pouvez le faire vous-m\u00eame. Vous pouvez \u00e9galement transf\u00e9rer votre site vers un h\u00e9bergement gratuit si vous le d\u00e9sirez.<\/pee><!-- [et_pb_line_break_holder] -->    <\/div><!-- [et_pb_line_break_holder] --><\/div><!-- [et_pb_line_break_holder] --><!-- [et_pb_line_break_holder] --><div id=\"faq4\" class=\"modal\"><!-- [et_pb_line_break_holder] -->    <div class=\"modal-content\"><!-- [et_pb_line_break_holder] -->        <span class=\"close\" data-modal=\"faq4\">\u00d7<\/span><!-- [et_pb_line_break_holder] -->        <h2>FAQ: Qu\u2019est-ce que je re\u00e7ois apr\u00e8s avoir pay\u00e9 ma commande ?<\/h2><!-- [et_pb_line_break_holder] -->        <pee>Vous recevrez un site web int\u00e9grant le contenu (textes et m\u00e9dias) que vous nous aurez fourni. Vous avez la possibilit\u00e9 de g\u00e9rer l&rsquo;optimisation par vous-m\u00eame, mais si vous le souhaitez, je peux m&rsquo;en charger afin d&rsquo;assurer que votre site tire pleinement parti de toutes les opportunit\u00e9s offertes par votre pr\u00e9sence en ligne.<\/pee><!-- [et_pb_line_break_holder] -->    <\/div><!-- [et_pb_line_break_holder] --><\/div><!-- [et_pb_line_break_holder] --><!-- [et_pb_line_break_holder] --><div id=\"faq5\" class=\"modal\"><!-- [et_pb_line_break_holder] -->    <div class=\"modal-content\"><!-- [et_pb_line_break_holder] -->        <span class=\"close\" data-modal=\"faq5\">\u00d7<\/span><!-- [et_pb_line_break_holder] -->        <h2>FAQ: Le nom de domaine et l&rsquo;h\u00e9bergement sont-ils inclus ?<\/h2><!-- [et_pb_line_break_holder] -->        <pee>Ils ne sont pas inclus dans le prix de base, mais nous pouvons certainement les int\u00e9grer \u00e0 nos services si vous le souhaitez. En tant qu&rsquo;option suppl\u00e9mentaire, nous pouvons vous proposer le nom de domaine et l&rsquo;h\u00e9bergement \u00e0 partir de 5 euros par mois, en fonction de vos besoins sp\u00e9cifiques. Nous utilisons le m\u00eame service d&rsquo;h\u00e9bergement que pour nos propres sites.<\/pee><!-- [et_pb_line_break_holder] -->    <\/div><!-- [et_pb_line_break_holder] --><\/div><!-- [et_pb_line_break_holder] --><!-- [et_pb_line_break_holder] --><div id=\"faq6\" class=\"modal\"><!-- [et_pb_line_break_holder] -->    <div class=\"modal-content\"><!-- [et_pb_line_break_holder] -->        <span class=\"close\" data-modal=\"faq6\">\u00d7<\/span><!-- [et_pb_line_break_holder] -->        <h2>FAQ: Fournissez-vous une garantie ?<\/h2><!-- [et_pb_line_break_holder] -->        <pee>Oui, absolument. Nous offrons une garantie de trois mois incluant une assistance compl\u00e8te pour vous aider \u00e0 prendre en main votre site en toute autonomie. Durant cette p\u00e9riode, nous restons disponibles pour r\u00e9pondre \u00e0 vos questions et r\u00e9soudre d&rsquo;\u00e9ventuels probl\u00e8mes. Par la suite, si vous le souhaitez, nous proposons des services de maintenance continue et de mise \u00e0 jour de votre site, ainsi que l&rsquo;int\u00e9gration de nouvelles fonctionnalit\u00e9s pour accompagner l&rsquo;\u00e9volution de vos besoins.<\/pee><!-- [et_pb_line_break_holder] -->    <\/div><!-- [et_pb_line_break_holder] --><\/div><!-- [et_pb_line_break_holder] --><!-- [et_pb_line_break_holder] --><div id=\"faq7\" class=\"modal\"><!-- [et_pb_line_break_holder] -->    <div class=\"modal-content\"><!-- [et_pb_line_break_holder] -->        <span class=\"close\" data-modal=\"faq7\">\u00d7<\/span><!-- [et_pb_line_break_holder] -->        <h2>FAQ: Par o\u00f9 commencer ?<\/h2><!-- [et_pb_line_break_holder] -->        <pee>Il vous suffit de nous envoyer une demande. Nous commencerons par recueillir quelques informations essentielles pour bien comprendre vos besoins. Une fois les d\u00e9tails finalis\u00e9s et le projet clairement d\u00e9fini, nous proc\u00e9derons \u00e0 la confirmation de l&rsquo;accord. Vous effectuerez alors le paiement convenu, et nous nous mettrons imm\u00e9diatement au travail pour cr\u00e9er votre nouveau site web dans les d\u00e9lais convenus. Une fois le site pr\u00eat, vous aurez l&rsquo;opportunit\u00e9 de l&rsquo;examiner en d\u00e9tail et de nous faire part de vos retours. Apr\u00e8s approbation, vous b\u00e9n\u00e9ficierez de notre garantie de trois mois, incluant une assistance compl\u00e8te pour vous assurer que tout fonctionne parfaitement.<\/pee><!-- [et_pb_line_break_holder] -->    <\/div><!-- [et_pb_line_break_holder] --><\/div><!-- [et_pb_line_break_holder] --><!-- [et_pb_line_break_holder] --><div id=\"faq8\" class=\"modal\"><!-- [et_pb_line_break_holder] -->    <div class=\"modal-content\"><!-- [et_pb_line_break_holder] -->        <span class=\"close\" data-modal=\"faq8\">\u00d7<\/span><!-- [et_pb_line_break_holder] -->        <h2>FAQ: Dois-je affiner mon site web apr\u00e8s sa cr\u00e9ation ?<\/h2><!-- [et_pb_line_break_holder] -->        <pee>Oui, vous pouvez tout \u00e0 fait affiner votre site web apr\u00e8s sa cr\u00e9ation. Nous offrons des services suppl\u00e9mentaires de d\u00e9veloppement et de personnalisation pour ajuster le site selon vos besoins sp\u00e9cifiques. Il est courant que des ajustements soient n\u00e9cessaires apr\u00e8s le lancement, car il est difficile de r\u00e9pondre parfaitement \u00e0 toutes les attentes d\u00e8s la premi\u00e8re version.<\/pee><!-- [et_pb_line_break_holder] -->    <\/div><!-- [et_pb_line_break_holder] --><\/div><!-- [et_pb_line_break_holder] --><!-- [et_pb_line_break_holder] --><div id=\"faq9\" class=\"modal\"><!-- [et_pb_line_break_holder] -->    <div class=\"modal-content\"><!-- [et_pb_line_break_holder] -->        <span class=\"close\" data-modal=\"faq9\">\u00d7<\/span><!-- [et_pb_line_break_holder] -->        <h2>FAQ: Quels types de projets avez-vous r\u00e9alis\u00e9s auparavant ?<\/h2><!-- [et_pb_line_break_holder] -->        <pee>Nous avons travaill\u00e9 sur une vari\u00e9t\u00e9 de projets, allant du d\u00e9veloppement d&rsquo;applications mobiles \u00e0 la cr\u00e9ation de jeux en ligne. Notre expertise technique et notre capacit\u00e9 \u00e0 r\u00e9soudre des probl\u00e8mes complexes nous permettent de r\u00e9aliser des projets diversifi\u00e9s avec succ\u00e8s.<\/pee><!-- [et_pb_line_break_holder] -->    <\/div><!-- [et_pb_line_break_holder] --><\/div><!-- [et_pb_line_break_holder] --><!-- [et_pb_line_break_holder] --><div id=\"faq10\" class=\"modal\"><!-- [et_pb_line_break_holder] -->    <div class=\"modal-content\"><!-- [et_pb_line_break_holder] -->        <span class=\"close\" data-modal=\"faq10\">\u00d7<\/span><!-- [et_pb_line_break_holder] -->        <h2>FAQ: Quelle est votre politique de confidentialit\u00e9 ?<\/h2><!-- [et_pb_line_break_holder] -->        <pee>Nous prenons votre vie priv\u00e9e au s\u00e9rieux. Toutes les informations que vous partagez avec nous sont trait\u00e9es de mani\u00e8re confidentielle et ne sont utilis\u00e9es que pour fournir les services que vous avez demand\u00e9s. Nous ne partagerons jamais vos informations sans votre consentement explicite.<\/pee><!-- [et_pb_line_break_holder] -->    <\/div><!-- [et_pb_line_break_holder] --><\/div><!-- [et_pb_line_break_holder] --><!-- [et_pb_line_break_holder] --><div id=\"faq11\" class=\"modal\"><!-- [et_pb_line_break_holder] -->    <div class=\"modal-content\"><!-- [et_pb_line_break_holder] -->        <span class=\"close\" data-modal=\"faq11\">\u00d7<\/span><!-- [et_pb_line_break_holder] -->        <h2>FAQ : Est-ce que vous pouvez promouvoir le site dans les moteurs de recherche, attirer des clients vers le site ?<\/h2><!-- [et_pb_line_break_holder] -->        <pee>Oui, nous pouvons vous aider \u00e0 optimiser votre site pour les moteurs de recherche (SEO) afin d&rsquo;attirer plus de clients. Nous utilisons le CRM WordPress qui facilitent une gestion SEO efficace et s\u00fbre. Pour en savoir plus sur les arnaques \u00e0 \u00e9viter en SEO, consultez <a href=\"https:\/\/www.aty-pique.com\/post\/arnaque-seo\" target=\"_blank\" rel=\"noopener\">cet article<\/a>.<\/pee><!-- [et_pb_line_break_holder] -->    <\/div><!-- [et_pb_line_break_holder] --><\/div><!-- [et_pb_line_break_holder] -->[\/et_pb_code][\/et_pb_column][\/et_pb_row][et_pb_row _builder_version=\u00a0\u00bb4.25.2&Prime; _module_preset=\u00a0\u00bbdefault\u00a0\u00bb global_colors_info=\u00a0\u00bb{}\u00a0\u00bb][et_pb_column type=\u00a0\u00bb4_4&Prime; _builder_version=\u00a0\u00bb4.25.2&Prime; _module_preset=\u00a0\u00bbdefault\u00a0\u00bb global_colors_info=\u00a0\u00bb{}\u00a0\u00bb][et_pb_heading title=\u00a0\u00bbAvez-vous d&rsquo;autres questions ?\u00a0\u00bb _builder_version=\u00a0\u00bb4.27.0&Prime; _module_preset=\u00a0\u00bbdefault\u00a0\u00bb title_level=\u00a0\u00bbh2&Prime; title_font=\u00a0\u00bbExo 2||||||||\u00a0\u00bb title_font_size=\u00a0\u00bb48px\u00a0\u00bb global_colors_info=\u00a0\u00bb{}\u00a0\u00bb][\/et_pb_heading][et_pb_text _builder_version=\u00a0\u00bb4.26.0&Prime; _module_preset=\u00a0\u00bbdefault\u00a0\u00bb text_font=\u00a0\u00bbExo 2||||||||\u00a0\u00bb text_font_size=\u00a0\u00bb17px\u00a0\u00bb text_line_height=\u00a0\u00bb1.8em\u00a0\u00bb global_colors_info=\u00a0\u00bb{}\u00a0\u00bb]<p>Si vous n&rsquo;avez pas trouv\u00e9 la r\u00e9ponse \u00e0 votre question, n&rsquo;h\u00e9sitez pas \u00e0 nous contacter. Nous sommes l\u00e0 pour vous aider et r\u00e9pondre \u00e0 toutes vos demandes.<\/p>[\/et_pb_text][et_pb_button button_url=\u00a0\u00bbhttps:\/\/pro-automation.fr\/contact\/\u00a0\u00bb button_text=\u00a0\u00bbContactez-nous\u00a0\u00bb _builder_version=\u00a0\u00bb4.26.0&Prime; _module_preset=\u00a0\u00bbe7c75be2-dc8b-4876-9a70-6c52db0925cf\u00a0\u00bb global_colors_info=\u00a0\u00bb{}\u00a0\u00bb][\/et_pb_button][\/et_pb_column][\/et_pb_row][\/et_pb_section]\n","protected":false},"excerpt":{"rendered":"<p>FAQLe but d&rsquo;une FAQ (Foire Aux Questions) est multiple et essentiel pour l&rsquo;exp\u00e9rience utilisateur sur un site web.FAQ sur nos Services Web Ce que contiendra le site ? Comment pouvez-vous proposer un prix aussi bas ? Combien devrai-je payer \u00e0 l&rsquo;avenir ? Qu&rsquo;est-ce que je re\u00e7ois apr\u00e8s avoir payer ma commande ? Le nom de [&hellip;]<\/p>\n","protected":false},"author":1,"featured_media":0,"parent":0,"menu_order":0,"comment_status":"closed","ping_status":"closed","template":"","meta":{"_et_pb_use_builder":"on","_et_pb_old_content":"","_et_gb_content_width":"","footnotes":""},"class_list":["post-635","page","type-page","status-publish","hentry"],"yoast_head":"<!-- This site is optimized with the Yoast SEO plugin v27.3 - https:\/\/yoast.com\/product\/yoast-seo-wordpress\/ -->\n<title>Questions Fr\u00e9quemment Pos\u00e9es (FAQ)<\/title>\n<meta name=\"description\" content=\"R\u00e9ponses aux questions courantes sur nos services web (FAQ), politiques de tarification, et plus. Pour toute autre question, contactez nous\" \/>\n<meta name=\"robots\" content=\"index, follow, max-snippet:-1, max-image-preview:large, max-video-preview:-1\" \/>\n<link rel=\"canonical\" href=\"https:\/\/pro-automation.fr\/ru\/faq\/\" \/>\n<meta property=\"og:locale\" content=\"ru_RU\" \/>\n<meta property=\"og:type\" content=\"article\" \/>\n<meta property=\"og:title\" content=\"Questions Fr\u00e9quemment Pos\u00e9es (FAQ)\" \/>\n<meta property=\"og:description\" content=\"R\u00e9ponses aux questions courantes sur nos services web (FAQ), politiques de tarification, et plus. Pour toute autre question, contactez nous\" \/>\n<meta property=\"og:url\" content=\"https:\/\/pro-automation.fr\/ru\/faq\/\" \/>\n<meta property=\"og:site_name\" content=\"pro-automation.fr\" \/>\n<meta property=\"article:modified_time\" content=\"2025-04-23T18:48:00+00:00\" \/>\n<meta property=\"og:image\" content=\"https:\/\/pro-automation.fr\/wp-content\/uploads\/2024\/09\/pub.gif\" \/>\n\t<meta property=\"og:image:width\" content=\"1280\" \/>\n\t<meta property=\"og:image:height\" content=\"720\" \/>\n\t<meta property=\"og:image:type\" content=\"image\/gif\" \/>\n<meta name=\"twitter:card\" content=\"summary_large_image\" \/>\n<meta name=\"twitter:label1\" content=\"Est. reading time\" \/>\n\t<meta name=\"twitter:data1\" content=\"5 minutes\" \/>\n<script type=\"application\/ld+json\" class=\"yoast-schema-graph\">{\"@context\":\"https:\\\/\\\/schema.org\",\"@graph\":[{\"@type\":\"WebPage\",\"@id\":\"https:\\\/\\\/pro-automation.fr\\\/faq\\\/\",\"url\":\"https:\\\/\\\/pro-automation.fr\\\/faq\\\/\",\"name\":\"Questions Fr\u00e9quemment Pos\u00e9es (FAQ)\",\"isPartOf\":{\"@id\":\"https:\\\/\\\/pro-automation.fr\\\/#website\"},\"datePublished\":\"2024-07-06T14:54:47+00:00\",\"dateModified\":\"2025-04-23T18:48:00+00:00\",\"description\":\"R\u00e9ponses aux questions courantes sur nos services web (FAQ), politiques de tarification, et plus. Pour toute autre question, contactez nous\",\"breadcrumb\":{\"@id\":\"https:\\\/\\\/pro-automation.fr\\\/faq\\\/#breadcrumb\"},\"inLanguage\":\"ru-RU\",\"potentialAction\":[{\"@type\":\"ReadAction\",\"target\":[\"https:\\\/\\\/pro-automation.fr\\\/faq\\\/\"]}]},{\"@type\":\"BreadcrumbList\",\"@id\":\"https:\\\/\\\/pro-automation.fr\\\/faq\\\/#breadcrumb\",\"itemListElement\":[{\"@type\":\"ListItem\",\"position\":1,\"name\":\"Home\",\"item\":\"https:\\\/\\\/pro-automation.fr\\\/\"},{\"@type\":\"ListItem\",\"position\":2,\"name\":\"FAQ\"}]},{\"@type\":\"WebSite\",\"@id\":\"https:\\\/\\\/pro-automation.fr\\\/#website\",\"url\":\"https:\\\/\\\/pro-automation.fr\\\/\",\"name\":\"pro-automation.fr\",\"description\":\"Services Professionnels Digitaux\",\"publisher\":{\"@id\":\"https:\\\/\\\/pro-automation.fr\\\/#\\\/schema\\\/person\\\/606784704bc97aa3315208141b8ffce5\"},\"potentialAction\":[{\"@type\":\"SearchAction\",\"target\":{\"@type\":\"EntryPoint\",\"urlTemplate\":\"https:\\\/\\\/pro-automation.fr\\\/?s={search_term_string}\"},\"query-input\":{\"@type\":\"PropertyValueSpecification\",\"valueRequired\":true,\"valueName\":\"search_term_string\"}}],\"inLanguage\":\"ru-RU\"},{\"@type\":[\"Person\",\"Organization\"],\"@id\":\"https:\\\/\\\/pro-automation.fr\\\/#\\\/schema\\\/person\\\/606784704bc97aa3315208141b8ffce5\",\"name\":\"admin\",\"image\":{\"@type\":\"ImageObject\",\"inLanguage\":\"ru-RU\",\"@id\":\"https:\\\/\\\/pro-automation.fr\\\/wp-content\\\/uploads\\\/2024\\\/08\\\/website_chatbot.png\",\"url\":\"https:\\\/\\\/pro-automation.fr\\\/wp-content\\\/uploads\\\/2024\\\/08\\\/website_chatbot.png\",\"contentUrl\":\"https:\\\/\\\/pro-automation.fr\\\/wp-content\\\/uploads\\\/2024\\\/08\\\/website_chatbot.png\",\"width\":1200,\"height\":630,\"caption\":\"admin\"},\"logo\":{\"@id\":\"https:\\\/\\\/pro-automation.fr\\\/wp-content\\\/uploads\\\/2024\\\/08\\\/website_chatbot.png\"}}]}<\/script>\n<!-- \/ Yoast SEO plugin. -->","yoast_head_json":{"title":"Questions Fr\u00e9quemment Pos\u00e9es (FAQ)","description":"R\u00e9ponses aux questions courantes sur nos services web (FAQ), politiques de tarification, et plus. Pour toute autre question, contactez nous","robots":{"index":"index","follow":"follow","max-snippet":"max-snippet:-1","max-image-preview":"max-image-preview:large","max-video-preview":"max-video-preview:-1"},"canonical":"https:\/\/pro-automation.fr\/ru\/faq\/","og_locale":"ru_RU","og_type":"article","og_title":"Questions Fr\u00e9quemment Pos\u00e9es (FAQ)","og_description":"R\u00e9ponses aux questions courantes sur nos services web (FAQ), politiques de tarification, et plus. Pour toute autre question, contactez nous","og_url":"https:\/\/pro-automation.fr\/ru\/faq\/","og_site_name":"pro-automation.fr","article_modified_time":"2025-04-23T18:48:00+00:00","og_image":[{"width":1280,"height":720,"url":"https:\/\/pro-automation.fr\/wp-content\/uploads\/2024\/09\/pub.gif","type":"image\/gif"}],"twitter_card":"summary_large_image","twitter_misc":{"Est. reading time":"5 minutes"},"schema":{"@context":"https:\/\/schema.org","@graph":[{"@type":"WebPage","@id":"https:\/\/pro-automation.fr\/faq\/","url":"https:\/\/pro-automation.fr\/faq\/","name":"Questions Fr\u00e9quemment Pos\u00e9es (FAQ)","isPartOf":{"@id":"https:\/\/pro-automation.fr\/#website"},"datePublished":"2024-07-06T14:54:47+00:00","dateModified":"2025-04-23T18:48:00+00:00","description":"R\u00e9ponses aux questions courantes sur nos services web (FAQ), politiques de tarification, et plus. Pour toute autre question, contactez nous","breadcrumb":{"@id":"https:\/\/pro-automation.fr\/faq\/#breadcrumb"},"inLanguage":"ru-RU","potentialAction":[{"@type":"ReadAction","target":["https:\/\/pro-automation.fr\/faq\/"]}]},{"@type":"BreadcrumbList","@id":"https:\/\/pro-automation.fr\/faq\/#breadcrumb","itemListElement":[{"@type":"ListItem","position":1,"name":"Home","item":"https:\/\/pro-automation.fr\/"},{"@type":"ListItem","position":2,"name":"FAQ"}]},{"@type":"WebSite","@id":"https:\/\/pro-automation.fr\/#website","url":"https:\/\/pro-automation.fr\/","name":"pro-automation.fr","description":"\u0426\u0438\u0444\u0440\u043e\u0432\u044b\u0435 \u043f\u0440\u043e\u0444\u0435\u0441\u0441\u0438\u043e\u043d\u0430\u043b\u044c\u043d\u044b\u0435 \u0443\u0441\u043b\u0443\u0433\u0438","publisher":{"@id":"https:\/\/pro-automation.fr\/#\/schema\/person\/606784704bc97aa3315208141b8ffce5"},"potentialAction":[{"@type":"SearchAction","target":{"@type":"EntryPoint","urlTemplate":"https:\/\/pro-automation.fr\/?s={search_term_string}"},"query-input":{"@type":"PropertyValueSpecification","valueRequired":true,"valueName":"search_term_string"}}],"inLanguage":"ru-RU"},{"@type":["Person","Organization"],"@id":"https:\/\/pro-automation.fr\/#\/schema\/person\/606784704bc97aa3315208141b8ffce5","name":"\u0430\u0434\u043c\u0438\u043d\u0438\u0441\u0442\u0440\u0430\u0442\u043e\u0440","image":{"@type":"ImageObject","inLanguage":"ru-RU","@id":"https:\/\/pro-automation.fr\/wp-content\/uploads\/2024\/08\/website_chatbot.png","url":"https:\/\/pro-automation.fr\/wp-content\/uploads\/2024\/08\/website_chatbot.png","contentUrl":"https:\/\/pro-automation.fr\/wp-content\/uploads\/2024\/08\/website_chatbot.png","width":1200,"height":630,"caption":"admin"},"logo":{"@id":"https:\/\/pro-automation.fr\/wp-content\/uploads\/2024\/08\/website_chatbot.png"}}]}},"rttpg_featured_image_url":null,"rttpg_author":{"display_name":"admin","author_link":"https:\/\/pro-automation.fr\/ru\/author\/admin\/"},"rttpg_comment":0,"rttpg_category":null,"rttpg_excerpt":"FAQLe but d'une FAQ (Foire Aux Questions) est multiple et essentiel pour l'exp\u00e9rience utilisateur sur un site web.FAQ sur nos Services Web Ce que contiendra le site ? Comment pouvez-vous proposer un prix aussi bas ? Combien devrai-je payer \u00e0 l'avenir ? Qu'est-ce que je re\u00e7ois apr\u00e8s avoir payer ma commande ? Le nom de&hellip;","_links":{"self":[{"href":"https:\/\/pro-automation.fr\/ru\/wp-json\/wp\/v2\/pages\/635","targetHints":{"allow":["GET"]}}],"collection":[{"href":"https:\/\/pro-automation.fr\/ru\/wp-json\/wp\/v2\/pages"}],"about":[{"href":"https:\/\/pro-automation.fr\/ru\/wp-json\/wp\/v2\/types\/page"}],"author":[{"embeddable":true,"href":"https:\/\/pro-automation.fr\/ru\/wp-json\/wp\/v2\/users\/1"}],"replies":[{"embeddable":true,"href":"https:\/\/pro-automation.fr\/ru\/wp-json\/wp\/v2\/comments?post=635"}],"version-history":[{"count":29,"href":"https:\/\/pro-automation.fr\/ru\/wp-json\/wp\/v2\/pages\/635\/revisions"}],"predecessor-version":[{"id":1251,"href":"https:\/\/pro-automation.fr\/ru\/wp-json\/wp\/v2\/pages\/635\/revisions\/1251"}],"wp:attachment":[{"href":"https:\/\/pro-automation.fr\/ru\/wp-json\/wp\/v2\/media?parent=635"}],"curies":[{"name":"WP","href":"https:\/\/api.w.org\/{rel}","templated":true}]}}