{"id":1073,"date":"2024-08-07T21:48:36","date_gmt":"2024-08-07T19:48:36","guid":{"rendered":"https:\/\/em.pro-automation.fr\/?post_type=product&#038;p=1073"},"modified":"2024-08-07T21:48:38","modified_gmt":"2024-08-07T19:48:38","slug":"design-dicones-images-collages-etc","status":"publish","type":"product","link":"https:\/\/pro-automation.fr\/ru\/product\/design-dicones-images-collages-etc\/","title":{"rendered":"\u0414\u0438\u0437\u0430\u0439\u043d \u0438\u043a\u043e\u043d\u043e\u043a, \u0438\u0437\u043e\u0431\u0440\u0430\u0436\u0435\u043d\u0438\u0439, \u043a\u043e\u043b\u043b\u0430\u0436\u0435\u0439 \u0438 \u0442. \u0434."},"content":{"rendered":"<p>\u0411\u0443\u0434\u044c \u0442\u043e \u0432\u0430\u0448 \u0432\u0435\u0431-\u0441\u0430\u0439\u0442, \u0432\u0430\u0448\u0438 \u043f\u0440\u0438\u043b\u043e\u0436\u0435\u043d\u0438\u044f, \u0432\u0430\u0448\u0438 \u043c\u0430\u0440\u043a\u0435\u0442\u0438\u043d\u0433\u043e\u0432\u044b\u0435 \u043c\u0430\u0442\u0435\u0440\u0438\u0430\u043b\u044b \u0438\u043b\u0438 \u0432\u0430\u0448\u0438 \u0441\u043e\u0446\u0438\u0430\u043b\u044c\u043d\u044b\u0435 \u0441\u0435\u0442\u0438, \u043c\u044b \u0441\u043e\u0437\u0434\u0430\u0435\u043c \u0443\u043d\u0438\u043a\u0430\u043b\u044c\u043d\u044b\u0435 \u0438 \u044d\u0444\u0444\u0435\u043a\u0442\u043d\u044b\u0435 \u0432\u0438\u0437\u0443\u0430\u043b\u044c\u043d\u044b\u0435 \u044d\u0444\u0444\u0435\u043a\u0442\u044b.<\/p>","protected":false},"excerpt":{"rendered":"<p><strong>\u0423\u043d\u0438\u043a\u0430\u043b\u044c\u043d\u044b\u0435 \u0438 \u043f\u0435\u0440\u0441\u043e\u043d\u0430\u043b\u0438\u0437\u0438\u0440\u043e\u0432\u0430\u043d\u043d\u044b\u0435 \u0442\u0432\u043e\u0440\u0435\u043d\u0438\u044f<\/strong> : \u041a\u0430\u0436\u0434\u044b\u0439 \u0434\u0438\u0437\u0430\u0439\u043d \u0438\u0437\u0433\u043e\u0442\u0430\u0432\u043b\u0438\u0432\u0430\u0435\u0442\u0441\u044f \u0438\u043d\u0434\u0438\u0432\u0438\u0434\u0443\u0430\u043b\u044c\u043d\u043e, \u0447\u0442\u043e\u0431\u044b \u0441\u043e\u043e\u0442\u0432\u0435\u0442\u0441\u0442\u0432\u043e\u0432\u0430\u0442\u044c \u0432\u0430\u0448\u0435\u043c\u0443 \u0432\u0438\u0434\u0435\u043d\u0438\u044e \u0438 \u0431\u0440\u0435\u043d\u0434\u0443.<\/p>","protected":false},"featured_media":1024,"comment_status":"open","ping_status":"closed","template":"","meta":{"_et_pb_use_builder":"","_et_pb_old_content":"","_et_gb_content_width":""},"product_brand":[],"product_cat":[166],"product_tag":[172,171,175,170,174,173],"class_list":{"0":"post-1073","1":"product","2":"type-product","3":"status-publish","4":"has-post-thumbnail","6":"product_cat-design","7":"product_tag-collages-professionnels","8":"product_tag-creation-dimages","9":"product_tag-creation-de-collages","10":"product_tag-design-dicones","11":"product_tag-icones-sur-mesure","12":"product_tag-service-de-design-dimages","14":"first","15":"instock","16":"shipping-taxable","17":"purchasable","18":"product-type-simple"},"yoast_head":"<!-- This site is optimized with the Yoast SEO plugin v27.3 - https:\/\/yoast.com\/product\/yoast-seo-wordpress\/ -->\n<title>Design d&#039;Ic\u00f4nes, Images, Collages<\/title>\n<meta name=\"description\" content=\"Cr\u00e9ations uniques et personnalis\u00e9es : Chaque design est r\u00e9alis\u00e9 sur mesure pour correspondre \u00e0 votre vision et \u00e0 votre marque.\" \/>\n<meta name=\"robots\" content=\"index, follow, max-snippet:-1, max-image-preview:large, max-video-preview:-1\" \/>\n<link rel=\"canonical\" href=\"https:\/\/pro-automation.fr\/ru\/product\/design-dicones-images-collages-etc\/\" \/>\n<meta property=\"og:locale\" content=\"ru_RU\" \/>\n<meta property=\"og:type\" content=\"article\" \/>\n<meta property=\"og:title\" content=\"Design d&#039;Ic\u00f4nes, Images, Collages\" \/>\n<meta property=\"og:description\" content=\"Cr\u00e9ations uniques et personnalis\u00e9es : Chaque design est r\u00e9alis\u00e9 sur mesure pour correspondre \u00e0 votre vision et \u00e0 votre marque.\" \/>\n<meta property=\"og:url\" content=\"https:\/\/pro-automation.fr\/ru\/product\/design-dicones-images-collages-etc\/\" \/>\n<meta property=\"og:site_name\" content=\"pro-automation.fr\" \/>\n<meta property=\"article:modified_time\" content=\"2024-08-07T19:48:38+00:00\" \/>\n<meta property=\"og:image\" content=\"https:\/\/pro-automation.fr\/wp-content\/uploads\/2024\/08\/Icons.png\" \/>\n\t<meta property=\"og:image:width\" content=\"1440\" \/>\n\t<meta property=\"og:image:height\" content=\"1024\" \/>\n\t<meta property=\"og:image:type\" content=\"image\/png\" \/>\n<meta name=\"twitter:card\" content=\"summary_large_image\" \/>\n<meta name=\"twitter:label1\" content=\"Est. reading time\" \/>\n\t<meta name=\"twitter:data1\" content=\"1 minute\" \/>\n<script type=\"application\/ld+json\" class=\"yoast-schema-graph\">{\"@context\":\"https:\\\/\\\/schema.org\",\"@graph\":[{\"@type\":\"WebPage\",\"@id\":\"https:\\\/\\\/pro-automation.fr\\\/product\\\/design-dicones-images-collages-etc\\\/\",\"url\":\"https:\\\/\\\/pro-automation.fr\\\/product\\\/design-dicones-images-collages-etc\\\/\",\"name\":\"Design d'Ic\u00f4nes, Images, Collages\",\"isPartOf\":{\"@id\":\"https:\\\/\\\/pro-automation.fr\\\/#website\"},\"primaryImageOfPage\":{\"@id\":\"https:\\\/\\\/pro-automation.fr\\\/product\\\/design-dicones-images-collages-etc\\\/#primaryimage\"},\"image\":{\"@id\":\"https:\\\/\\\/pro-automation.fr\\\/product\\\/design-dicones-images-collages-etc\\\/#primaryimage\"},\"thumbnailUrl\":\"https:\\\/\\\/pro-automation.fr\\\/wp-content\\\/uploads\\\/2024\\\/08\\\/Icons.png\",\"datePublished\":\"2024-08-07T19:48:36+00:00\",\"dateModified\":\"2024-08-07T19:48:38+00:00\",\"description\":\"Cr\u00e9ations uniques et personnalis\u00e9es : Chaque design est r\u00e9alis\u00e9 sur mesure pour correspondre \u00e0 votre vision et \u00e0 votre marque.\",\"breadcrumb\":{\"@id\":\"https:\\\/\\\/pro-automation.fr\\\/product\\\/design-dicones-images-collages-etc\\\/#breadcrumb\"},\"inLanguage\":\"ru-RU\",\"potentialAction\":[{\"@type\":\"ReadAction\",\"target\":[\"https:\\\/\\\/pro-automation.fr\\\/product\\\/design-dicones-images-collages-etc\\\/\"]}]},{\"@type\":\"ImageObject\",\"inLanguage\":\"ru-RU\",\"@id\":\"https:\\\/\\\/pro-automation.fr\\\/product\\\/design-dicones-images-collages-etc\\\/#primaryimage\",\"url\":\"https:\\\/\\\/pro-automation.fr\\\/wp-content\\\/uploads\\\/2024\\\/08\\\/Icons.png\",\"contentUrl\":\"https:\\\/\\\/pro-automation.fr\\\/wp-content\\\/uploads\\\/2024\\\/08\\\/Icons.png\",\"width\":1440,\"height\":1024,\"caption\":\"Design Icons\"},{\"@type\":\"BreadcrumbList\",\"@id\":\"https:\\\/\\\/pro-automation.fr\\\/product\\\/design-dicones-images-collages-etc\\\/#breadcrumb\",\"itemListElement\":[{\"@type\":\"ListItem\",\"position\":1,\"name\":\"Home\",\"item\":\"https:\\\/\\\/pro-automation.fr\\\/\"},{\"@type\":\"ListItem\",\"position\":2,\"name\":\"Shop\",\"item\":\"https:\\\/\\\/pro-automation.fr\\\/shop\\\/\"},{\"@type\":\"ListItem\",\"position\":3,\"name\":\"Collages professionnels\",\"item\":\"https:\\\/\\\/pro-automation.fr\\\/product-tag\\\/collages-professionnels\\\/\"},{\"@type\":\"ListItem\",\"position\":4,\"name\":\"Design d&rsquo;Ic\u00f4nes, Images, Collages etc.\"}]},{\"@type\":\"WebSite\",\"@id\":\"https:\\\/\\\/pro-automation.fr\\\/#website\",\"url\":\"https:\\\/\\\/pro-automation.fr\\\/\",\"name\":\"pro-automation.fr\",\"description\":\"Services Professionnels Digitaux\",\"publisher\":{\"@id\":\"https:\\\/\\\/pro-automation.fr\\\/#\\\/schema\\\/person\\\/606784704bc97aa3315208141b8ffce5\"},\"potentialAction\":[{\"@type\":\"SearchAction\",\"target\":{\"@type\":\"EntryPoint\",\"urlTemplate\":\"https:\\\/\\\/pro-automation.fr\\\/?s={search_term_string}\"},\"query-input\":{\"@type\":\"PropertyValueSpecification\",\"valueRequired\":true,\"valueName\":\"search_term_string\"}}],\"inLanguage\":\"ru-RU\"},{\"@type\":[\"Person\",\"Organization\"],\"@id\":\"https:\\\/\\\/pro-automation.fr\\\/#\\\/schema\\\/person\\\/606784704bc97aa3315208141b8ffce5\",\"name\":\"admin\",\"image\":{\"@type\":\"ImageObject\",\"inLanguage\":\"ru-RU\",\"@id\":\"https:\\\/\\\/pro-automation.fr\\\/wp-content\\\/uploads\\\/2024\\\/08\\\/website_chatbot.png\",\"url\":\"https:\\\/\\\/pro-automation.fr\\\/wp-content\\\/uploads\\\/2024\\\/08\\\/website_chatbot.png\",\"contentUrl\":\"https:\\\/\\\/pro-automation.fr\\\/wp-content\\\/uploads\\\/2024\\\/08\\\/website_chatbot.png\",\"width\":1200,\"height\":630,\"caption\":\"admin\"},\"logo\":{\"@id\":\"https:\\\/\\\/pro-automation.fr\\\/wp-content\\\/uploads\\\/2024\\\/08\\\/website_chatbot.png\"}}]}<\/script>\n<!-- \/ Yoast SEO plugin. -->","yoast_head_json":{"title":"Design d'Ic\u00f4nes, Images, Collages","description":"Cr\u00e9ations uniques et personnalis\u00e9es : Chaque design est r\u00e9alis\u00e9 sur mesure pour correspondre \u00e0 votre vision et \u00e0 votre marque.","robots":{"index":"index","follow":"follow","max-snippet":"max-snippet:-1","max-image-preview":"max-image-preview:large","max-video-preview":"max-video-preview:-1"},"canonical":"https:\/\/pro-automation.fr\/ru\/product\/design-dicones-images-collages-etc\/","og_locale":"ru_RU","og_type":"article","og_title":"Design d'Ic\u00f4nes, Images, Collages","og_description":"Cr\u00e9ations uniques et personnalis\u00e9es : Chaque design est r\u00e9alis\u00e9 sur mesure pour correspondre \u00e0 votre vision et \u00e0 votre marque.","og_url":"https:\/\/pro-automation.fr\/ru\/product\/design-dicones-images-collages-etc\/","og_site_name":"pro-automation.fr","article_modified_time":"2024-08-07T19:48:38+00:00","og_image":[{"width":1440,"height":1024,"url":"https:\/\/pro-automation.fr\/wp-content\/uploads\/2024\/08\/Icons.png","type":"image\/png"}],"twitter_card":"summary_large_image","twitter_misc":{"Est. reading time":"1 minute"},"schema":{"@context":"https:\/\/schema.org","@graph":[{"@type":"WebPage","@id":"https:\/\/pro-automation.fr\/product\/design-dicones-images-collages-etc\/","url":"https:\/\/pro-automation.fr\/product\/design-dicones-images-collages-etc\/","name":"Design d'Ic\u00f4nes, Images, Collages","isPartOf":{"@id":"https:\/\/pro-automation.fr\/#website"},"primaryImageOfPage":{"@id":"https:\/\/pro-automation.fr\/product\/design-dicones-images-collages-etc\/#primaryimage"},"image":{"@id":"https:\/\/pro-automation.fr\/product\/design-dicones-images-collages-etc\/#primaryimage"},"thumbnailUrl":"https:\/\/pro-automation.fr\/wp-content\/uploads\/2024\/08\/Icons.png","datePublished":"2024-08-07T19:48:36+00:00","dateModified":"2024-08-07T19:48:38+00:00","description":"Cr\u00e9ations uniques et personnalis\u00e9es : Chaque design est r\u00e9alis\u00e9 sur mesure pour correspondre \u00e0 votre vision et \u00e0 votre marque.","breadcrumb":{"@id":"https:\/\/pro-automation.fr\/product\/design-dicones-images-collages-etc\/#breadcrumb"},"inLanguage":"ru-RU","potentialAction":[{"@type":"ReadAction","target":["https:\/\/pro-automation.fr\/product\/design-dicones-images-collages-etc\/"]}]},{"@type":"ImageObject","inLanguage":"ru-RU","@id":"https:\/\/pro-automation.fr\/product\/design-dicones-images-collages-etc\/#primaryimage","url":"https:\/\/pro-automation.fr\/wp-content\/uploads\/2024\/08\/Icons.png","contentUrl":"https:\/\/pro-automation.fr\/wp-content\/uploads\/2024\/08\/Icons.png","width":1440,"height":1024,"caption":"Design Icons"},{"@type":"BreadcrumbList","@id":"https:\/\/pro-automation.fr\/product\/design-dicones-images-collages-etc\/#breadcrumb","itemListElement":[{"@type":"ListItem","position":1,"name":"Home","item":"https:\/\/pro-automation.fr\/"},{"@type":"ListItem","position":2,"name":"Shop","item":"https:\/\/pro-automation.fr\/shop\/"},{"@type":"ListItem","position":3,"name":"Collages professionnels","item":"https:\/\/pro-automation.fr\/product-tag\/collages-professionnels\/"},{"@type":"ListItem","position":4,"name":"Design d&rsquo;Ic\u00f4nes, Images, Collages etc."}]},{"@type":"WebSite","@id":"https:\/\/pro-automation.fr\/#website","url":"https:\/\/pro-automation.fr\/","name":"pro-automation.fr","description":"\u0426\u0438\u0444\u0440\u043e\u0432\u044b\u0435 \u043f\u0440\u043e\u0444\u0435\u0441\u0441\u0438\u043e\u043d\u0430\u043b\u044c\u043d\u044b\u0435 \u0443\u0441\u043b\u0443\u0433\u0438","publisher":{"@id":"https:\/\/pro-automation.fr\/#\/schema\/person\/606784704bc97aa3315208141b8ffce5"},"potentialAction":[{"@type":"SearchAction","target":{"@type":"EntryPoint","urlTemplate":"https:\/\/pro-automation.fr\/?s={search_term_string}"},"query-input":{"@type":"PropertyValueSpecification","valueRequired":true,"valueName":"search_term_string"}}],"inLanguage":"ru-RU"},{"@type":["Person","Organization"],"@id":"https:\/\/pro-automation.fr\/#\/schema\/person\/606784704bc97aa3315208141b8ffce5","name":"\u0430\u0434\u043c\u0438\u043d\u0438\u0441\u0442\u0440\u0430\u0442\u043e\u0440","image":{"@type":"ImageObject","inLanguage":"ru-RU","@id":"https:\/\/pro-automation.fr\/wp-content\/uploads\/2024\/08\/website_chatbot.png","url":"https:\/\/pro-automation.fr\/wp-content\/uploads\/2024\/08\/website_chatbot.png","contentUrl":"https:\/\/pro-automation.fr\/wp-content\/uploads\/2024\/08\/website_chatbot.png","width":1200,"height":630,"caption":"admin"},"logo":{"@id":"https:\/\/pro-automation.fr\/wp-content\/uploads\/2024\/08\/website_chatbot.png"}}]}},"_links":{"self":[{"href":"https:\/\/pro-automation.fr\/ru\/wp-json\/wp\/v2\/product\/1073","targetHints":{"allow":["GET"]}}],"collection":[{"href":"https:\/\/pro-automation.fr\/ru\/wp-json\/wp\/v2\/product"}],"about":[{"href":"https:\/\/pro-automation.fr\/ru\/wp-json\/wp\/v2\/types\/product"}],"replies":[{"embeddable":true,"href":"https:\/\/pro-automation.fr\/ru\/wp-json\/wp\/v2\/comments?post=1073"}],"wp:featuredmedia":[{"embeddable":true,"href":"https:\/\/pro-automation.fr\/ru\/wp-json\/wp\/v2\/media\/1024"}],"wp:attachment":[{"href":"https:\/\/pro-automation.fr\/ru\/wp-json\/wp\/v2\/media?parent=1073"}],"wp:term":[{"taxonomy":"product_brand","embeddable":true,"href":"https:\/\/pro-automation.fr\/ru\/wp-json\/wp\/v2\/product_brand?post=1073"},{"taxonomy":"product_cat","embeddable":true,"href":"https:\/\/pro-automation.fr\/ru\/wp-json\/wp\/v2\/product_cat?post=1073"},{"taxonomy":"product_tag","embeddable":true,"href":"https:\/\/pro-automation.fr\/ru\/wp-json\/wp\/v2\/product_tag?post=1073"}],"curies":[{"name":"WP","href":"https:\/\/api.w.org\/{rel}","templated":true}]}}