{"id":972,"date":"2024-07-22T13:52:32","date_gmt":"2024-07-22T11:52:32","guid":{"rendered":"https:\/\/em.pro-automation.fr\/?post_type=product&#038;p=972"},"modified":"2024-08-28T01:10:30","modified_gmt":"2024-08-27T23:10:30","slug":"landing-page","status":"publish","type":"product","link":"https:\/\/pro-automation.fr\/ru\/product\/landing-page\/","title":{"rendered":"\u0426\u0435\u043b\u0435\u0432\u0430\u044f \u0441\u0442\u0440\u0430\u043d\u0438\u0446\u0430"},"content":{"rendered":"<p class=\"et_pb_slide_title\">\u0426\u0435\u043b\u0435\u0432\u0430\u044f \u0441\u0442\u0440\u0430\u043d\u0438\u0446\u0430 \u2014 \u044d\u0442\u043e \u0441\u043f\u0435\u0446\u0438\u0430\u043b\u0438\u0437\u0438\u0440\u043e\u0432\u0430\u043d\u043d\u0430\u044f \u0432\u0435\u0431-\u0441\u0442\u0440\u0430\u043d\u0438\u0446\u0430, \u043f\u0440\u0435\u0434\u043d\u0430\u0437\u043d\u0430\u0447\u0435\u043d\u043d\u0430\u044f \u0434\u043b\u044f \u043f\u0440\u0435\u043e\u0431\u0440\u0430\u0437\u043e\u0432\u0430\u043d\u0438\u044f \u043f\u043e\u0441\u0435\u0442\u0438\u0442\u0435\u043b\u0435\u0439 \u0432 \u043b\u0438\u0434\u043e\u0432 \u0438\u043b\u0438 \u043a\u043b\u0438\u0435\u043d\u0442\u043e\u0432 \u0437\u0430 \u0441\u0447\u0435\u0442 \u043c\u0430\u043a\u0441\u0438\u043c\u0430\u043b\u044c\u043d\u043e\u0433\u043e \u043f\u043e\u0432\u044b\u0448\u0435\u043d\u0438\u044f \u044d\u0444\u0444\u0435\u043a\u0442\u0438\u0432\u043d\u043e\u0441\u0442\u0438 \u043c\u0430\u0440\u043a\u0435\u0442\u0438\u043d\u0433\u043e\u0432\u044b\u0445 \u043a\u0430\u043c\u043f\u0430\u043d\u0438\u0439. \u0415\u0433\u043e \u0433\u043b\u0430\u0432\u043d\u0430\u044f \u0446\u0435\u043b\u044c \u2014 \u043f\u0440\u0438\u0432\u043b\u0435\u0447\u044c \u0432\u043d\u0438\u043c\u0430\u043d\u0438\u0435 \u043f\u043e\u043b\u044c\u0437\u043e\u0432\u0430\u0442\u0435\u043b\u0435\u0439 \u0438 \u043f\u043e\u0431\u0443\u0434\u0438\u0442\u044c \u0438\u0445 \u0441\u043e\u0432\u0435\u0440\u0448\u0438\u0442\u044c \u043e\u043f\u0440\u0435\u0434\u0435\u043b\u0435\u043d\u043d\u043e\u0435 \u0434\u0435\u0439\u0441\u0442\u0432\u0438\u0435, \u043d\u0430\u043f\u0440\u0438\u043c\u0435\u0440, \u0437\u0430\u043f\u043e\u043b\u043d\u0438\u0442\u044c \u0444\u043e\u0440\u043c\u0443, \u043f\u043e\u0434\u043f\u0438\u0441\u0430\u0442\u044c\u0441\u044f \u043d\u0430 \u0440\u0430\u0441\u0441\u044b\u043b\u043a\u0443 \u0438\u043b\u0438 \u0441\u043e\u0432\u0435\u0440\u0448\u0438\u0442\u044c \u043f\u043e\u043a\u0443\u043f\u043a\u0443. \u0426\u0435\u043b\u0435\u0432\u044b\u043c\u0438 \u043f\u043e\u043b\u044c\u0437\u043e\u0432\u0430\u0442\u0435\u043b\u044f\u043c\u0438 \u044f\u0432\u043b\u044f\u044e\u0442\u0441\u044f \u0438\u043d\u0442\u0435\u0440\u043d\u0435\u0442-\u043f\u043e\u043b\u044c\u0437\u043e\u0432\u0430\u0442\u0435\u043b\u0438, \u043f\u0440\u0438\u0432\u043b\u0435\u0447\u0435\u043d\u043d\u044b\u0435 \u0440\u0435\u043a\u043b\u0430\u043c\u043e\u0439, \u043c\u0430\u0440\u043a\u0435\u0442\u0438\u043d\u0433\u043e\u0432\u044b\u043c\u0438 \u044d\u043b\u0435\u043a\u0442\u0440\u043e\u043d\u043d\u044b\u043c\u0438 \u043f\u0438\u0441\u044c\u043c\u0430\u043c\u0438 \u0438\u043b\u0438 \u0441\u043e\u0446\u0438\u0430\u043b\u044c\u043d\u044b\u043c\u0438 \u0441\u0435\u0442\u044f\u043c\u0438. \u0415\u0433\u043e \u0443\u043d\u0438\u043a\u0430\u043b\u044c\u043d\u043e\u0441\u0442\u044c \u0437\u0430\u043a\u043b\u044e\u0447\u0430\u0435\u0442\u0441\u044f \u0432 \u043f\u0440\u043e\u0441\u0442\u043e\u0442\u0435 \u0438 \u0441\u043e\u0441\u0440\u0435\u0434\u043e\u0442\u043e\u0447\u0435\u043d\u043d\u043e\u0441\u0442\u0438 \u043d\u0430 \u043e\u0434\u043d\u043e\u0439 \u0446\u0435\u043b\u0438. \u041f\u0440\u0435\u0438\u043c\u0443\u0449\u0435\u0441\u0442\u0432\u0430 \u0432\u043a\u043b\u044e\u0447\u0430\u044e\u0442 \u043f\u043e\u0432\u044b\u0448\u0435\u043d\u0438\u0435 \u043a\u043e\u044d\u0444\u0444\u0438\u0446\u0438\u0435\u043d\u0442\u0430 \u043a\u043e\u043d\u0432\u0435\u0440\u0441\u0438\u0438 \u0438 \u0441\u0431\u043e\u0440 \u0446\u0435\u043d\u043d\u044b\u0445 \u0434\u0430\u043d\u043d\u044b\u0445.<\/p>","protected":false},"excerpt":{"rendered":"<p>\u0426\u0435\u043b\u0435\u0432\u0430\u044f \u0441\u0442\u0440\u0430\u043d\u0438\u0446\u0430 \u043e\u043f\u0442\u0438\u043c\u0438\u0437\u0438\u0440\u043e\u0432\u0430\u043d\u0430 \u0434\u043b\u044f \u043a\u043e\u043d\u0432\u0435\u0440\u0442\u0430\u0446\u0438\u0438 \u043f\u043e\u0441\u0435\u0442\u0438\u0442\u0435\u043b\u0435\u0439 \u0432 \u043b\u0438\u0434\u044b \u0438\u043b\u0438 \u043a\u043b\u0438\u0435\u043d\u0442\u043e\u0432.<\/p>","protected":false},"featured_media":973,"comment_status":"open","ping_status":"closed","template":"","meta":{"_et_pb_use_builder":"","_et_pb_old_content":"","_et_gb_content_width":""},"product_brand":[],"product_cat":[147],"product_tag":[148,150,149,151],"class_list":{"0":"post-972","1":"product","2":"type-product","3":"status-publish","4":"has-post-thumbnail","6":"product_cat-sites-web","7":"product_tag-landing-page","8":"product_tag-leads","9":"product_tag-page-cible","10":"product_tag-page-datterrissage","12":"first","13":"instock","14":"virtual","15":"purchasable","16":"product-type-simple"},"yoast_head":"<!-- This site is optimized with the Yoast SEO plugin v27.3 - https:\/\/yoast.com\/product\/yoast-seo-wordpress\/ -->\n<title>Landing Page<\/title>\n<meta name=\"description\" content=\"Une Landing Page, \u00e9galement appel\u00e9e page cible, est une page web con\u00e7ue pour capter l&#039;attention des visiteurs\" \/>\n<meta name=\"robots\" content=\"index, follow, max-snippet:-1, max-image-preview:large, max-video-preview:-1\" \/>\n<link rel=\"canonical\" href=\"https:\/\/pro-automation.fr\/ru\/product\/landing-page\/\" \/>\n<meta property=\"og:locale\" content=\"ru_RU\" \/>\n<meta property=\"og:type\" content=\"article\" \/>\n<meta property=\"og:title\" content=\"Landing Page\" \/>\n<meta property=\"og:description\" content=\"Une Landing Page, \u00e9galement appel\u00e9e page cible, est une page web con\u00e7ue pour capter l&#039;attention des visiteurs\" \/>\n<meta property=\"og:url\" content=\"https:\/\/pro-automation.fr\/ru\/product\/landing-page\/\" \/>\n<meta property=\"og:site_name\" content=\"pro-automation.fr\" \/>\n<meta property=\"article:modified_time\" content=\"2024-08-27T23:10:30+00:00\" \/>\n<meta property=\"og:image\" content=\"https:\/\/pro-automation.fr\/wp-content\/uploads\/2024\/07\/Black-Friday_1-1.png\" \/>\n\t<meta property=\"og:image:width\" content=\"600\" \/>\n\t<meta property=\"og:image:height\" content=\"277\" \/>\n\t<meta property=\"og:image:type\" content=\"image\/png\" \/>\n<meta name=\"twitter:card\" content=\"summary_large_image\" \/>\n<meta name=\"twitter:label1\" content=\"Est. reading time\" \/>\n\t<meta name=\"twitter:data1\" content=\"1 minute\" \/>\n<script type=\"application\/ld+json\" class=\"yoast-schema-graph\">{\"@context\":\"https:\\\/\\\/schema.org\",\"@graph\":[{\"@type\":\"WebPage\",\"@id\":\"https:\\\/\\\/pro-automation.fr\\\/product\\\/landing-page\\\/\",\"url\":\"https:\\\/\\\/pro-automation.fr\\\/product\\\/landing-page\\\/\",\"name\":\"Landing Page\",\"isPartOf\":{\"@id\":\"https:\\\/\\\/pro-automation.fr\\\/#website\"},\"primaryImageOfPage\":{\"@id\":\"https:\\\/\\\/pro-automation.fr\\\/product\\\/landing-page\\\/#primaryimage\"},\"image\":{\"@id\":\"https:\\\/\\\/pro-automation.fr\\\/product\\\/landing-page\\\/#primaryimage\"},\"thumbnailUrl\":\"https:\\\/\\\/pro-automation.fr\\\/wp-content\\\/uploads\\\/2024\\\/07\\\/Black-Friday_1-1.png\",\"datePublished\":\"2024-07-22T11:52:32+00:00\",\"dateModified\":\"2024-08-27T23:10:30+00:00\",\"description\":\"Une Landing Page, \u00e9galement appel\u00e9e page cible, est une page web con\u00e7ue pour capter l'attention des visiteurs\",\"breadcrumb\":{\"@id\":\"https:\\\/\\\/pro-automation.fr\\\/product\\\/landing-page\\\/#breadcrumb\"},\"inLanguage\":\"ru-RU\",\"potentialAction\":[{\"@type\":\"ReadAction\",\"target\":[\"https:\\\/\\\/pro-automation.fr\\\/product\\\/landing-page\\\/\"]}]},{\"@type\":\"ImageObject\",\"inLanguage\":\"ru-RU\",\"@id\":\"https:\\\/\\\/pro-automation.fr\\\/product\\\/landing-page\\\/#primaryimage\",\"url\":\"https:\\\/\\\/pro-automation.fr\\\/wp-content\\\/uploads\\\/2024\\\/07\\\/Black-Friday_1-1.png\",\"contentUrl\":\"https:\\\/\\\/pro-automation.fr\\\/wp-content\\\/uploads\\\/2024\\\/07\\\/Black-Friday_1-1.png\",\"width\":600,\"height\":277,\"caption\":\"Landing Page\"},{\"@type\":\"BreadcrumbList\",\"@id\":\"https:\\\/\\\/pro-automation.fr\\\/product\\\/landing-page\\\/#breadcrumb\",\"itemListElement\":[{\"@type\":\"ListItem\",\"position\":1,\"name\":\"Home\",\"item\":\"https:\\\/\\\/pro-automation.fr\\\/\"},{\"@type\":\"ListItem\",\"position\":2,\"name\":\"Shop\",\"item\":\"https:\\\/\\\/pro-automation.fr\\\/shop\\\/\"},{\"@type\":\"ListItem\",\"position\":3,\"name\":\"Landing Page\",\"item\":\"https:\\\/\\\/pro-automation.fr\\\/product-tag\\\/landing-page\\\/\"},{\"@type\":\"ListItem\",\"position\":4,\"name\":\"Landing Page\"}]},{\"@type\":\"WebSite\",\"@id\":\"https:\\\/\\\/pro-automation.fr\\\/#website\",\"url\":\"https:\\\/\\\/pro-automation.fr\\\/\",\"name\":\"pro-automation.fr\",\"description\":\"Services Professionnels Digitaux\",\"publisher\":{\"@id\":\"https:\\\/\\\/pro-automation.fr\\\/#\\\/schema\\\/person\\\/606784704bc97aa3315208141b8ffce5\"},\"potentialAction\":[{\"@type\":\"SearchAction\",\"target\":{\"@type\":\"EntryPoint\",\"urlTemplate\":\"https:\\\/\\\/pro-automation.fr\\\/?s={search_term_string}\"},\"query-input\":{\"@type\":\"PropertyValueSpecification\",\"valueRequired\":true,\"valueName\":\"search_term_string\"}}],\"inLanguage\":\"ru-RU\"},{\"@type\":[\"Person\",\"Organization\"],\"@id\":\"https:\\\/\\\/pro-automation.fr\\\/#\\\/schema\\\/person\\\/606784704bc97aa3315208141b8ffce5\",\"name\":\"admin\",\"image\":{\"@type\":\"ImageObject\",\"inLanguage\":\"ru-RU\",\"@id\":\"https:\\\/\\\/pro-automation.fr\\\/wp-content\\\/uploads\\\/2024\\\/08\\\/website_chatbot.png\",\"url\":\"https:\\\/\\\/pro-automation.fr\\\/wp-content\\\/uploads\\\/2024\\\/08\\\/website_chatbot.png\",\"contentUrl\":\"https:\\\/\\\/pro-automation.fr\\\/wp-content\\\/uploads\\\/2024\\\/08\\\/website_chatbot.png\",\"width\":1200,\"height\":630,\"caption\":\"admin\"},\"logo\":{\"@id\":\"https:\\\/\\\/pro-automation.fr\\\/wp-content\\\/uploads\\\/2024\\\/08\\\/website_chatbot.png\"}}]}<\/script>\n<!-- \/ Yoast SEO plugin. -->","yoast_head_json":{"title":"\u0426\u0435\u043b\u0435\u0432\u0430\u044f \u0441\u0442\u0440\u0430\u043d\u0438\u0446\u0430","description":"Une Landing Page, \u00e9galement appel\u00e9e page cible, est une page web con\u00e7ue pour capter l'attention des visiteurs","robots":{"index":"index","follow":"follow","max-snippet":"max-snippet:-1","max-image-preview":"max-image-preview:large","max-video-preview":"max-video-preview:-1"},"canonical":"https:\/\/pro-automation.fr\/ru\/product\/landing-page\/","og_locale":"ru_RU","og_type":"article","og_title":"Landing Page","og_description":"Une Landing Page, \u00e9galement appel\u00e9e page cible, est une page web con\u00e7ue pour capter l'attention des visiteurs","og_url":"https:\/\/pro-automation.fr\/ru\/product\/landing-page\/","og_site_name":"pro-automation.fr","article_modified_time":"2024-08-27T23:10:30+00:00","og_image":[{"width":600,"height":277,"url":"https:\/\/pro-automation.fr\/wp-content\/uploads\/2024\/07\/Black-Friday_1-1.png","type":"image\/png"}],"twitter_card":"summary_large_image","twitter_misc":{"Est. reading time":"1 minute"},"schema":{"@context":"https:\/\/schema.org","@graph":[{"@type":"WebPage","@id":"https:\/\/pro-automation.fr\/product\/landing-page\/","url":"https:\/\/pro-automation.fr\/product\/landing-page\/","name":"\u0426\u0435\u043b\u0435\u0432\u0430\u044f \u0441\u0442\u0440\u0430\u043d\u0438\u0446\u0430","isPartOf":{"@id":"https:\/\/pro-automation.fr\/#website"},"primaryImageOfPage":{"@id":"https:\/\/pro-automation.fr\/product\/landing-page\/#primaryimage"},"image":{"@id":"https:\/\/pro-automation.fr\/product\/landing-page\/#primaryimage"},"thumbnailUrl":"https:\/\/pro-automation.fr\/wp-content\/uploads\/2024\/07\/Black-Friday_1-1.png","datePublished":"2024-07-22T11:52:32+00:00","dateModified":"2024-08-27T23:10:30+00:00","description":"Une Landing Page, \u00e9galement appel\u00e9e page cible, est une page web con\u00e7ue pour capter l'attention des visiteurs","breadcrumb":{"@id":"https:\/\/pro-automation.fr\/product\/landing-page\/#breadcrumb"},"inLanguage":"ru-RU","potentialAction":[{"@type":"ReadAction","target":["https:\/\/pro-automation.fr\/product\/landing-page\/"]}]},{"@type":"ImageObject","inLanguage":"ru-RU","@id":"https:\/\/pro-automation.fr\/product\/landing-page\/#primaryimage","url":"https:\/\/pro-automation.fr\/wp-content\/uploads\/2024\/07\/Black-Friday_1-1.png","contentUrl":"https:\/\/pro-automation.fr\/wp-content\/uploads\/2024\/07\/Black-Friday_1-1.png","width":600,"height":277,"caption":"Landing Page"},{"@type":"BreadcrumbList","@id":"https:\/\/pro-automation.fr\/product\/landing-page\/#breadcrumb","itemListElement":[{"@type":"ListItem","position":1,"name":"Home","item":"https:\/\/pro-automation.fr\/"},{"@type":"ListItem","position":2,"name":"Shop","item":"https:\/\/pro-automation.fr\/shop\/"},{"@type":"ListItem","position":3,"name":"Landing Page","item":"https:\/\/pro-automation.fr\/product-tag\/landing-page\/"},{"@type":"ListItem","position":4,"name":"Landing Page"}]},{"@type":"WebSite","@id":"https:\/\/pro-automation.fr\/#website","url":"https:\/\/pro-automation.fr\/","name":"pro-automation.fr","description":"\u0426\u0438\u0444\u0440\u043e\u0432\u044b\u0435 \u043f\u0440\u043e\u0444\u0435\u0441\u0441\u0438\u043e\u043d\u0430\u043b\u044c\u043d\u044b\u0435 \u0443\u0441\u043b\u0443\u0433\u0438","publisher":{"@id":"https:\/\/pro-automation.fr\/#\/schema\/person\/606784704bc97aa3315208141b8ffce5"},"potentialAction":[{"@type":"SearchAction","target":{"@type":"EntryPoint","urlTemplate":"https:\/\/pro-automation.fr\/?s={search_term_string}"},"query-input":{"@type":"PropertyValueSpecification","valueRequired":true,"valueName":"search_term_string"}}],"inLanguage":"ru-RU"},{"@type":["Person","Organization"],"@id":"https:\/\/pro-automation.fr\/#\/schema\/person\/606784704bc97aa3315208141b8ffce5","name":"\u0430\u0434\u043c\u0438\u043d\u0438\u0441\u0442\u0440\u0430\u0442\u043e\u0440","image":{"@type":"ImageObject","inLanguage":"ru-RU","@id":"https:\/\/pro-automation.fr\/wp-content\/uploads\/2024\/08\/website_chatbot.png","url":"https:\/\/pro-automation.fr\/wp-content\/uploads\/2024\/08\/website_chatbot.png","contentUrl":"https:\/\/pro-automation.fr\/wp-content\/uploads\/2024\/08\/website_chatbot.png","width":1200,"height":630,"caption":"admin"},"logo":{"@id":"https:\/\/pro-automation.fr\/wp-content\/uploads\/2024\/08\/website_chatbot.png"}}]}},"_links":{"self":[{"href":"https:\/\/pro-automation.fr\/ru\/wp-json\/wp\/v2\/product\/972","targetHints":{"allow":["GET"]}}],"collection":[{"href":"https:\/\/pro-automation.fr\/ru\/wp-json\/wp\/v2\/product"}],"about":[{"href":"https:\/\/pro-automation.fr\/ru\/wp-json\/wp\/v2\/types\/product"}],"replies":[{"embeddable":true,"href":"https:\/\/pro-automation.fr\/ru\/wp-json\/wp\/v2\/comments?post=972"}],"wp:featuredmedia":[{"embeddable":true,"href":"https:\/\/pro-automation.fr\/ru\/wp-json\/wp\/v2\/media\/973"}],"wp:attachment":[{"href":"https:\/\/pro-automation.fr\/ru\/wp-json\/wp\/v2\/media?parent=972"}],"wp:term":[{"taxonomy":"product_brand","embeddable":true,"href":"https:\/\/pro-automation.fr\/ru\/wp-json\/wp\/v2\/product_brand?post=972"},{"taxonomy":"product_cat","embeddable":true,"href":"https:\/\/pro-automation.fr\/ru\/wp-json\/wp\/v2\/product_cat?post=972"},{"taxonomy":"product_tag","embeddable":true,"href":"https:\/\/pro-automation.fr\/ru\/wp-json\/wp\/v2\/product_tag?post=972"}],"curies":[{"name":"WP","href":"https:\/\/api.w.org\/{rel}","templated":true}]}}