{"id":977,"date":"2024-07-22T16:10:07","date_gmt":"2024-07-22T14:10:07","guid":{"rendered":"https:\/\/em.pro-automation.fr\/?post_type=product&#038;p=977"},"modified":"2024-08-28T01:09:53","modified_gmt":"2024-08-27T23:09:53","slug":"site-web-de-presentation","status":"publish","type":"product","link":"https:\/\/pro-automation.fr\/ru\/product\/site-web-de-presentation\/","title":{"rendered":"\u041f\u0440\u0435\u0437\u0435\u043d\u0442\u0430\u0446\u0438\u043e\u043d\u043d\u044b\u0439 \u0441\u0430\u0439\u0442"},"content":{"rendered":"<p>Un site web de pr\u00e9sentation sert de vitrine en ligne pour montrer des projets, des comp\u00e9tences ou les activit\u00e9s d&rsquo;une personne, d&rsquo;une organisation ou d&rsquo;une entreprise. Son but est de fournir des informations claires et attractives pour attirer l&rsquo;attention des visiteurs et \u00e9tablir une pr\u00e9sence professionnelle en ligne. Les cibles incluent potentiels clients, employeurs, partenaires ou toute personne int\u00e9ress\u00e9e par le domaine pr\u00e9sent\u00e9. Sa particularit\u00e9 r\u00e9side dans sa mise en page soign\u00e9e et son contenu structur\u00e9. Les avantages incluent une meilleure visibilit\u00e9, cr\u00e9dibilit\u00e9 accrue et facilit\u00e9 de partage d&rsquo;informations.<\/p>","protected":false},"excerpt":{"rendered":"<p>Vitrine en ligne pour pr\u00e9senter des projets, comp\u00e9tences ou activit\u00e9s d&rsquo;une personne ou organisation.<\/p>","protected":false},"featured_media":978,"comment_status":"open","ping_status":"closed","template":"","meta":{"_et_pb_use_builder":"","_et_pb_old_content":"","_et_gb_content_width":""},"product_brand":[],"product_cat":[147],"product_tag":[155,154,153,152],"class_list":{"0":"post-977","1":"product","2":"type-product","3":"status-publish","4":"has-post-thumbnail","6":"product_cat-sites-web","7":"product_tag-portfolio","8":"product_tag-site-web-de-presentation","9":"product_tag-site-web-personnel","10":"product_tag-site-web-professionnel","12":"first","13":"instock","14":"virtual","15":"purchasable","16":"product-type-simple"},"yoast_head":"<!-- This site is optimized with the Yoast SEO plugin v27.3 - https:\/\/yoast.com\/product\/yoast-seo-wordpress\/ -->\n<title>Site Web de Pr\u00e9sentation<\/title>\n<meta name=\"description\" content=\"Un site web de pr\u00e9sentation sert de vitrine en ligne pour montrer des projets, des comp\u00e9tences ou les activit\u00e9s d&#039;une personne ou d&#039;une entreprise.\" \/>\n<meta name=\"robots\" content=\"index, follow, max-snippet:-1, max-image-preview:large, max-video-preview:-1\" \/>\n<link rel=\"canonical\" href=\"https:\/\/pro-automation.fr\/ru\/product\/site-web-de-presentation\/\" \/>\n<meta property=\"og:locale\" content=\"ru_RU\" \/>\n<meta property=\"og:type\" content=\"article\" \/>\n<meta property=\"og:title\" content=\"Site Web de Pr\u00e9sentation\" \/>\n<meta property=\"og:description\" content=\"Un site web de pr\u00e9sentation sert de vitrine en ligne pour montrer des projets, des comp\u00e9tences ou les activit\u00e9s d&#039;une personne ou d&#039;une entreprise.\" \/>\n<meta property=\"og:url\" content=\"https:\/\/pro-automation.fr\/ru\/product\/site-web-de-presentation\/\" \/>\n<meta property=\"og:site_name\" content=\"pro-automation.fr\" \/>\n<meta property=\"article:modified_time\" content=\"2024-08-27T23:09:53+00:00\" \/>\n<meta property=\"og:image\" content=\"https:\/\/pro-automation.fr\/wp-content\/uploads\/2024\/07\/ThankFul-Hearts_1-1.png\" \/>\n\t<meta property=\"og:image:width\" content=\"600\" \/>\n\t<meta property=\"og:image:height\" content=\"277\" \/>\n\t<meta property=\"og:image:type\" content=\"image\/png\" \/>\n<meta name=\"twitter:card\" content=\"summary_large_image\" \/>\n<meta name=\"twitter:label1\" content=\"Est. reading time\" \/>\n\t<meta name=\"twitter:data1\" content=\"1 minute\" \/>\n<script type=\"application\/ld+json\" class=\"yoast-schema-graph\">{\"@context\":\"https:\\\/\\\/schema.org\",\"@graph\":[{\"@type\":\"WebPage\",\"@id\":\"https:\\\/\\\/pro-automation.fr\\\/product\\\/site-web-de-presentation\\\/\",\"url\":\"https:\\\/\\\/pro-automation.fr\\\/product\\\/site-web-de-presentation\\\/\",\"name\":\"Site Web de Pr\u00e9sentation\",\"isPartOf\":{\"@id\":\"https:\\\/\\\/pro-automation.fr\\\/#website\"},\"primaryImageOfPage\":{\"@id\":\"https:\\\/\\\/pro-automation.fr\\\/product\\\/site-web-de-presentation\\\/#primaryimage\"},\"image\":{\"@id\":\"https:\\\/\\\/pro-automation.fr\\\/product\\\/site-web-de-presentation\\\/#primaryimage\"},\"thumbnailUrl\":\"https:\\\/\\\/pro-automation.fr\\\/wp-content\\\/uploads\\\/2024\\\/07\\\/ThankFul-Hearts_1-1.png\",\"datePublished\":\"2024-07-22T14:10:07+00:00\",\"dateModified\":\"2024-08-27T23:09:53+00:00\",\"description\":\"Un site web de pr\u00e9sentation sert de vitrine en ligne pour montrer des projets, des comp\u00e9tences ou les activit\u00e9s d'une personne ou d'une entreprise.\",\"breadcrumb\":{\"@id\":\"https:\\\/\\\/pro-automation.fr\\\/product\\\/site-web-de-presentation\\\/#breadcrumb\"},\"inLanguage\":\"ru-RU\",\"potentialAction\":[{\"@type\":\"ReadAction\",\"target\":[\"https:\\\/\\\/pro-automation.fr\\\/product\\\/site-web-de-presentation\\\/\"]}]},{\"@type\":\"ImageObject\",\"inLanguage\":\"ru-RU\",\"@id\":\"https:\\\/\\\/pro-automation.fr\\\/product\\\/site-web-de-presentation\\\/#primaryimage\",\"url\":\"https:\\\/\\\/pro-automation.fr\\\/wp-content\\\/uploads\\\/2024\\\/07\\\/ThankFul-Hearts_1-1.png\",\"contentUrl\":\"https:\\\/\\\/pro-automation.fr\\\/wp-content\\\/uploads\\\/2024\\\/07\\\/ThankFul-Hearts_1-1.png\",\"width\":600,\"height\":277,\"caption\":\"Site Web de Pr\u00e9sentation\"},{\"@type\":\"BreadcrumbList\",\"@id\":\"https:\\\/\\\/pro-automation.fr\\\/product\\\/site-web-de-presentation\\\/#breadcrumb\",\"itemListElement\":[{\"@type\":\"ListItem\",\"position\":1,\"name\":\"Home\",\"item\":\"https:\\\/\\\/pro-automation.fr\\\/\"},{\"@type\":\"ListItem\",\"position\":2,\"name\":\"Shop\",\"item\":\"https:\\\/\\\/pro-automation.fr\\\/shop\\\/\"},{\"@type\":\"ListItem\",\"position\":3,\"name\":\"Portfolio\",\"item\":\"https:\\\/\\\/pro-automation.fr\\\/product-tag\\\/portfolio\\\/\"},{\"@type\":\"ListItem\",\"position\":4,\"name\":\"Site Web de Pr\u00e9sentation\"}]},{\"@type\":\"WebSite\",\"@id\":\"https:\\\/\\\/pro-automation.fr\\\/#website\",\"url\":\"https:\\\/\\\/pro-automation.fr\\\/\",\"name\":\"pro-automation.fr\",\"description\":\"Services Professionnels Digitaux\",\"publisher\":{\"@id\":\"https:\\\/\\\/pro-automation.fr\\\/#\\\/schema\\\/person\\\/606784704bc97aa3315208141b8ffce5\"},\"potentialAction\":[{\"@type\":\"SearchAction\",\"target\":{\"@type\":\"EntryPoint\",\"urlTemplate\":\"https:\\\/\\\/pro-automation.fr\\\/?s={search_term_string}\"},\"query-input\":{\"@type\":\"PropertyValueSpecification\",\"valueRequired\":true,\"valueName\":\"search_term_string\"}}],\"inLanguage\":\"ru-RU\"},{\"@type\":[\"Person\",\"Organization\"],\"@id\":\"https:\\\/\\\/pro-automation.fr\\\/#\\\/schema\\\/person\\\/606784704bc97aa3315208141b8ffce5\",\"name\":\"admin\",\"image\":{\"@type\":\"ImageObject\",\"inLanguage\":\"ru-RU\",\"@id\":\"https:\\\/\\\/pro-automation.fr\\\/wp-content\\\/uploads\\\/2024\\\/08\\\/website_chatbot.png\",\"url\":\"https:\\\/\\\/pro-automation.fr\\\/wp-content\\\/uploads\\\/2024\\\/08\\\/website_chatbot.png\",\"contentUrl\":\"https:\\\/\\\/pro-automation.fr\\\/wp-content\\\/uploads\\\/2024\\\/08\\\/website_chatbot.png\",\"width\":1200,\"height\":630,\"caption\":\"admin\"},\"logo\":{\"@id\":\"https:\\\/\\\/pro-automation.fr\\\/wp-content\\\/uploads\\\/2024\\\/08\\\/website_chatbot.png\"}}]}<\/script>\n<!-- \/ Yoast SEO plugin. -->","yoast_head_json":{"title":"\u041f\u0440\u0435\u0437\u0435\u043d\u0442\u0430\u0446\u0438\u043e\u043d\u043d\u044b\u0439 \u0441\u0430\u0439\u0442","description":"Un site web de pr\u00e9sentation sert de vitrine en ligne pour montrer des projets, des comp\u00e9tences ou les activit\u00e9s d'une personne ou d'une entreprise.","robots":{"index":"index","follow":"follow","max-snippet":"max-snippet:-1","max-image-preview":"max-image-preview:large","max-video-preview":"max-video-preview:-1"},"canonical":"https:\/\/pro-automation.fr\/ru\/product\/site-web-de-presentation\/","og_locale":"ru_RU","og_type":"article","og_title":"Site Web de Pr\u00e9sentation","og_description":"Un site web de pr\u00e9sentation sert de vitrine en ligne pour montrer des projets, des comp\u00e9tences ou les activit\u00e9s d'une personne ou d'une entreprise.","og_url":"https:\/\/pro-automation.fr\/ru\/product\/site-web-de-presentation\/","og_site_name":"pro-automation.fr","article_modified_time":"2024-08-27T23:09:53+00:00","og_image":[{"width":600,"height":277,"url":"https:\/\/pro-automation.fr\/wp-content\/uploads\/2024\/07\/ThankFul-Hearts_1-1.png","type":"image\/png"}],"twitter_card":"summary_large_image","twitter_misc":{"Est. reading time":"1 minute"},"schema":{"@context":"https:\/\/schema.org","@graph":[{"@type":"WebPage","@id":"https:\/\/pro-automation.fr\/product\/site-web-de-presentation\/","url":"https:\/\/pro-automation.fr\/product\/site-web-de-presentation\/","name":"\u041f\u0440\u0435\u0437\u0435\u043d\u0442\u0430\u0446\u0438\u043e\u043d\u043d\u044b\u0439 \u0441\u0430\u0439\u0442","isPartOf":{"@id":"https:\/\/pro-automation.fr\/#website"},"primaryImageOfPage":{"@id":"https:\/\/pro-automation.fr\/product\/site-web-de-presentation\/#primaryimage"},"image":{"@id":"https:\/\/pro-automation.fr\/product\/site-web-de-presentation\/#primaryimage"},"thumbnailUrl":"https:\/\/pro-automation.fr\/wp-content\/uploads\/2024\/07\/ThankFul-Hearts_1-1.png","datePublished":"2024-07-22T14:10:07+00:00","dateModified":"2024-08-27T23:09:53+00:00","description":"Un site web de pr\u00e9sentation sert de vitrine en ligne pour montrer des projets, des comp\u00e9tences ou les activit\u00e9s d'une personne ou d'une entreprise.","breadcrumb":{"@id":"https:\/\/pro-automation.fr\/product\/site-web-de-presentation\/#breadcrumb"},"inLanguage":"ru-RU","potentialAction":[{"@type":"ReadAction","target":["https:\/\/pro-automation.fr\/product\/site-web-de-presentation\/"]}]},{"@type":"ImageObject","inLanguage":"ru-RU","@id":"https:\/\/pro-automation.fr\/product\/site-web-de-presentation\/#primaryimage","url":"https:\/\/pro-automation.fr\/wp-content\/uploads\/2024\/07\/ThankFul-Hearts_1-1.png","contentUrl":"https:\/\/pro-automation.fr\/wp-content\/uploads\/2024\/07\/ThankFul-Hearts_1-1.png","width":600,"height":277,"caption":"Site Web de Pr\u00e9sentation"},{"@type":"BreadcrumbList","@id":"https:\/\/pro-automation.fr\/product\/site-web-de-presentation\/#breadcrumb","itemListElement":[{"@type":"ListItem","position":1,"name":"Home","item":"https:\/\/pro-automation.fr\/"},{"@type":"ListItem","position":2,"name":"Shop","item":"https:\/\/pro-automation.fr\/shop\/"},{"@type":"ListItem","position":3,"name":"Portfolio","item":"https:\/\/pro-automation.fr\/product-tag\/portfolio\/"},{"@type":"ListItem","position":4,"name":"Site Web de Pr\u00e9sentation"}]},{"@type":"WebSite","@id":"https:\/\/pro-automation.fr\/#website","url":"https:\/\/pro-automation.fr\/","name":"pro-automation.fr","description":"\u0426\u0438\u0444\u0440\u043e\u0432\u044b\u0435 \u043f\u0440\u043e\u0444\u0435\u0441\u0441\u0438\u043e\u043d\u0430\u043b\u044c\u043d\u044b\u0435 \u0443\u0441\u043b\u0443\u0433\u0438","publisher":{"@id":"https:\/\/pro-automation.fr\/#\/schema\/person\/606784704bc97aa3315208141b8ffce5"},"potentialAction":[{"@type":"SearchAction","target":{"@type":"EntryPoint","urlTemplate":"https:\/\/pro-automation.fr\/?s={search_term_string}"},"query-input":{"@type":"PropertyValueSpecification","valueRequired":true,"valueName":"search_term_string"}}],"inLanguage":"ru-RU"},{"@type":["Person","Organization"],"@id":"https:\/\/pro-automation.fr\/#\/schema\/person\/606784704bc97aa3315208141b8ffce5","name":"\u0430\u0434\u043c\u0438\u043d\u0438\u0441\u0442\u0440\u0430\u0442\u043e\u0440","image":{"@type":"ImageObject","inLanguage":"ru-RU","@id":"https:\/\/pro-automation.fr\/wp-content\/uploads\/2024\/08\/website_chatbot.png","url":"https:\/\/pro-automation.fr\/wp-content\/uploads\/2024\/08\/website_chatbot.png","contentUrl":"https:\/\/pro-automation.fr\/wp-content\/uploads\/2024\/08\/website_chatbot.png","width":1200,"height":630,"caption":"admin"},"logo":{"@id":"https:\/\/pro-automation.fr\/wp-content\/uploads\/2024\/08\/website_chatbot.png"}}]}},"_links":{"self":[{"href":"https:\/\/pro-automation.fr\/ru\/wp-json\/wp\/v2\/product\/977","targetHints":{"allow":["GET"]}}],"collection":[{"href":"https:\/\/pro-automation.fr\/ru\/wp-json\/wp\/v2\/product"}],"about":[{"href":"https:\/\/pro-automation.fr\/ru\/wp-json\/wp\/v2\/types\/product"}],"replies":[{"embeddable":true,"href":"https:\/\/pro-automation.fr\/ru\/wp-json\/wp\/v2\/comments?post=977"}],"wp:featuredmedia":[{"embeddable":true,"href":"https:\/\/pro-automation.fr\/ru\/wp-json\/wp\/v2\/media\/978"}],"wp:attachment":[{"href":"https:\/\/pro-automation.fr\/ru\/wp-json\/wp\/v2\/media?parent=977"}],"wp:term":[{"taxonomy":"product_brand","embeddable":true,"href":"https:\/\/pro-automation.fr\/ru\/wp-json\/wp\/v2\/product_brand?post=977"},{"taxonomy":"product_cat","embeddable":true,"href":"https:\/\/pro-automation.fr\/ru\/wp-json\/wp\/v2\/product_cat?post=977"},{"taxonomy":"product_tag","embeddable":true,"href":"https:\/\/pro-automation.fr\/ru\/wp-json\/wp\/v2\/product_tag?post=977"}],"curies":[{"name":"WP","href":"https:\/\/api.w.org\/{rel}","templated":true}]}}